{"id":103657,"date":"2022-06-29T10:43:43","date_gmt":"2022-06-29T10:43:43","guid":{"rendered":"https:\/\/dreamgolfcalanova.com\/?page_id=103657"},"modified":"2022-08-24T12:05:13","modified_gmt":"2022-08-24T12:05:13","slug":"location","status":"publish","type":"page","link":"https:\/\/dreamgolfcalanova.com\/es\/location\/","title":{"rendered":"Location"},"content":{"rendered":"<section class=\"wpb-content-wrapper\"><p>[vc_row row_height_percent=\u00bb74&#8243; back_color=\u00bbcolor-wayh\u00bb back_image=\u00bb103298&#8243; back_position=\u00bbcenter bottom\u00bb parallax=\u00bbyes\u00bb overlay_color=\u00bbcolor-wayh\u00bb overlay_alpha=\u00bb35&#8243; gutter_size=\u00bb3&#8243; column_width_percent=\u00bb100&#8243; shift_y=\u00bb0&#8243; z_index=\u00bb0&#8243; uncode_shortcode_id=\u00bb151943&#8243; back_color_type=\u00bbuncode-palette\u00bb overlay_color_type=\u00bbuncode-palette\u00bb][vc_column column_width_use_pixel=\u00bbyes\u00bb position_vertical=\u00bbmiddle\u00bb align_horizontal=\u00bbalign_center\u00bb gutter_size=\u00bb3&#8243; style=\u00bbdark\u00bb overlay_alpha=\u00bb50&#8243; shift_x=\u00bb0&#8243; shift_y=\u00bb0&#8243; shift_y_down=\u00bb0&#8243; z_index=\u00bb0&#8243; medium_width=\u00bb0&#8243; mobile_width=\u00bb0&#8243; width=\u00bb1\/1&#8243; column_width_pixel=\u00bb1200&#8243; uncode_shortcode_id=\u00bb207249&#8243;][vc_custom_heading heading_semantic=\u00bbh5&#8243; text_size=\u00bbfontsize-160000&#8243; text_transform=\u00bbuppercase\u00bb text_space=\u00bbfontspace-135905&#8243; css_animation=\u00bbtop-t-bottom\u00bb uncode_shortcode_id=\u00bb384021&#8243;]front line golf apartments[\/vc_custom_heading][vc_custom_heading heading_semantic=\u00bbh1&#8243; text_font=\u00bbfont-148024&#8243; text_size=\u00bbfontsize-338686&#8243; text_weight=\u00bb200&#8243; css_animation=\u00bbsingle-curtain\u00bb uncode_shortcode_id=\u00bb135767&#8243;]un lugar de ensue\u00f1o[\/vc_custom_heading][vc_empty_space][\/vc_column][\/vc_row][vc_row unlock_row_content=\u00bbyes\u00bb row_height_percent=\u00bb100&#8243; override_padding=\u00bbyes\u00bb h_padding=\u00bb0&#8243; top_padding=\u00bb0&#8243; bottom_padding=\u00bb0&#8243; back_color=\u00bbcolor-wayh\u00bb overlay_alpha=\u00bb50&#8243; equal_height=\u00bbyes\u00bb gutter_size=\u00bb0&#8243; column_width_percent=\u00bb100&#8243; shift_y=\u00bb0&#8243; z_index=\u00bb0&#8243; uncode_shortcode_id=\u00bb675771&#8243; back_color_type=\u00bbuncode-palette\u00bb][vc_column column_width_percent=\u00bb100&#8243; gutter_size=\u00bb3&#8243; override_padding=\u00bbyes\u00bb column_padding=\u00bb0&#8243; overlay_alpha=\u00bb50&#8243; shift_x=\u00bb0&#8243; shift_y=\u00bb0&#8243; shift_y_down=\u00bb0&#8243; z_index=\u00bb0&#8243; medium_width=\u00bb0&#8243; mobile_width=\u00bb0&#8243; css_animation=\u00bbleft-t-right\u00bb width=\u00bb1\/2&#8243; mobile_height=\u00bb340&#8243; uncode_shortcode_id=\u00bb175898&#8243;][vc_single_image media=\u00bb103666&#8243; media_width_percent=\u00bb100&#8243; css_animation=\u00bbleft-t-right\u00bb uncode_shortcode_id=\u00bb897380&#8243;][\/vc_column][vc_column column_width_use_pixel=\u00bbyes\u00bb gutter_size=\u00bb3&#8243; override_padding=\u00bbyes\u00bb column_padding=\u00bb5&#8243; style=\u00bbdark\u00bb overlay_alpha=\u00bb50&#8243; shift_x=\u00bb0&#8243; shift_y=\u00bb0&#8243; shift_y_down=\u00bb0&#8243; z_index=\u00bb0&#8243; medium_width=\u00bb0&#8243; mobile_width=\u00bb0&#8243; width=\u00bb1\/2&#8243; column_width_pixel=\u00bb528&#8243;][vc_custom_heading text_color=\u00bbaccent\u00bb heading_semantic=\u00bbh6&#8243; text_size=\u00bbfontsize-160000&#8243; text_transform=\u00bbuppercase\u00bb text_space=\u00bbfontspace-135905&#8243; css_animation=\u00bbtop-t-bottom\u00bb uncode_shortcode_id=\u00bb129305&#8243; text_color_type=\u00bbuncode-palette\u00bb]localizaci\u00f3n[\/vc_custom_heading][vc_custom_heading text_font=\u00bbfont-148024&#8243; text_size=\u00bbfontsize-155944&#8243; text_weight=\u00bb200&#8243; css_animation=\u00bbsingle-slide\u00bb uncode_shortcode_id=\u00bb143673&#8243;]Un entorno natural rodeado del golf[\/vc_custom_heading][vc_column_text text_lead=\u00bbyes\u00bb css_animation=\u00bbright-t-left\u00bb animation_delay=\u00bb400&#8243; uncode_shortcode_id=\u00bb228085&#8243;]<strong>DreamGolf<\/strong> se alza sobre una suave colina frente al mar Mediterr\u00e1neo en el t\u00e9rmino municipal de Mijas. Un entorno natural rodeado por el golf y a escasos minutos de la playa, de la Cala de Mijas y de todo tipo de servicios. Su situaci\u00f3n privilegiada entre el mar y la sierra permiten disfrutar de dos paisajes naturales a muy poca distancia. Viviendas de dise\u00f1o contempor\u00e1neo creado para disfrutar de la privacidad y la proximidad al golf.[\/vc_column_text][vc_empty_space empty_h=\u00bb1&#8243;][vc_row_inner limit_content=\u00bb\u00bb][vc_column_inner column_width_percent=\u00bb100&#8243; gutter_size=\u00bb3&#8243; style=\u00bbdark\u00bb overlay_alpha=\u00bb50&#8243; shift_x=\u00bb0&#8243; shift_y=\u00bb0&#8243; shift_y_down=\u00bb0&#8243; z_index=\u00bb0&#8243; medium_width=\u00bb4&#8243; mobile_width=\u00bb0&#8243; width=\u00bb1\/2&#8243;][vc_icon icon=\u00bbfa fa-sun\u00bb size=\u00bbfa-5x\u00bb uncode_shortcode_id=\u00bb201471&#8243;]Una localizaci\u00f3n privilegiada entre el golf y el mar[\/vc_icon][\/vc_column_inner][vc_column_inner column_width_percent=\u00bb100&#8243; gutter_size=\u00bb3&#8243; style=\u00bbdark\u00bb overlay_alpha=\u00bb50&#8243; shift_x=\u00bb0&#8243; shift_y=\u00bb0&#8243; shift_y_down=\u00bb0&#8243; z_index=\u00bb0&#8243; medium_width=\u00bb4&#8243; mobile_width=\u00bb0&#8243; width=\u00bb1\/2&#8243;][vc_icon icon=\u00bbfa fa-leaf2&#8243; size=\u00bbfa-5x\u00bb uncode_shortcode_id=\u00bb193840&#8243;]El entorno natural y la privacidad que buscabas[\/vc_icon][\/vc_column_inner][\/vc_row_inner][vc_row_inner limit_content=\u00bb\u00bb][vc_column_inner column_width_percent=\u00bb100&#8243; gutter_size=\u00bb3&#8243; style=\u00bbdark\u00bb overlay_alpha=\u00bb50&#8243; shift_x=\u00bb0&#8243; shift_y=\u00bb0&#8243; shift_y_down=\u00bb0&#8243; z_index=\u00bb0&#8243; medium_width=\u00bb4&#8243; mobile_width=\u00bb0&#8243; width=\u00bb1\/2&#8243;][vc_icon icon=\u00bbfa fa-plane-outline\u00bb size=\u00bbfa-5x\u00bb uncode_shortcode_id=\u00bb121223&#8243;]Perfectamente comunicado con aeropuertos internacionales[\/vc_icon][\/vc_column_inner][vc_column_inner column_width_percent=\u00bb100&#8243; gutter_size=\u00bb3&#8243; style=\u00bbdark\u00bb overlay_alpha=\u00bb50&#8243; shift_x=\u00bb0&#8243; shift_y=\u00bb0&#8243; shift_y_down=\u00bb0&#8243; z_index=\u00bb0&#8243; medium_width=\u00bb4&#8243; mobile_width=\u00bb0&#8243; width=\u00bb1\/2&#8243;][vc_icon icon=\u00bbfa fa-shopping-cart2&#8243; size=\u00bbfa-5x\u00bb uncode_shortcode_id=\u00bb147892&#8243;]Una gran oferta de servicios a un paso de tu vivienda[\/vc_icon][\/vc_column_inner][\/vc_row_inner][\/vc_column][\/vc_row][vc_row row_height_percent=\u00bb0&#8243; override_padding=\u00bbyes\u00bb h_padding=\u00bb5&#8243; top_padding=\u00bb5&#8243; bottom_padding=\u00bb5&#8243; overlay_alpha=\u00bb50&#8243; gutter_size=\u00bb3&#8243; column_width_percent=\u00bb100&#8243; shift_y=\u00bb0&#8243; z_index=\u00bb0&#8243; uncode_shortcode_id=\u00bb848150&#8243;][vc_column column_width_use_pixel=\u00bbyes\u00bb align_horizontal=\u00bbalign_center\u00bb gutter_size=\u00bb4&#8243; overlay_alpha=\u00bb50&#8243; shift_x=\u00bb0&#8243; shift_y=\u00bb0&#8243; shift_y_down=\u00bb0&#8243; z_index=\u00bb0&#8243; medium_width=\u00bb0&#8243; mobile_width=\u00bb0&#8243; width=\u00bb1\/1&#8243; uncode_shortcode_id=\u00bb440113&#8243; column_width_pixel=\u00bb700&#8243;][vc_custom_heading text_color=\u00bbaccent\u00bb text_font=\u00bbfont-148024&#8243; text_size=\u00bbh1&#8243; css_animation=\u00bbtypewriter\u00bb interval_animation=\u00bb20&#8243; uncode_shortcode_id=\u00bb151334&#8243; text_color_type=\u00bbuncode-palette\u00bb]a tan solo 20 minutos del Aeropuerto de M\u00e1laga[\/vc_custom_heading][vc_column_text uncode_shortcode_id=\u00bb506868&#8243;]Una excelente comunicaci\u00f3n por autov\u00eda y autopista conecta DreamGolf a tan solo 20 minutos del Aeropuerto de M\u00e1laga y a 25 minutos de Marbella.[\/vc_column_text][\/vc_column][\/vc_row][vc_row unlock_row_content=\u00bbyes\u00bb row_height_percent=\u00bb100&#8243; override_padding=\u00bbyes\u00bb h_padding=\u00bb0&#8243; top_padding=\u00bb0&#8243; bottom_padding=\u00bb0&#8243; overlay_alpha=\u00bb50&#8243; gutter_size=\u00bb3&#8243; column_width_percent=\u00bb100&#8243; shift_y=\u00bb0&#8243; z_index=\u00bb0&#8243; uncode_shortcode_id=\u00bb124886&#8243; css=\u00bb.vc_custom_1656576875018{margin-bottom: -40px !important;}\u00bb][vc_column width=\u00bb1\/1&#8243;][vc_single_image media=\u00bb103689&#8243; media_width_percent=\u00bb100&#8243; uncode_shortcode_id=\u00bb731275&#8243;][\/vc_column][\/vc_row][vc_row row_height_percent=\u00bb40&#8243; override_padding=\u00bbyes\u00bb h_padding=\u00bb0&#8243; top_padding=\u00bb0&#8243; bottom_padding=\u00bb0&#8243; back_color=\u00bbcolor-wayh\u00bb back_image=\u00bb103675&#8243; parallax=\u00bbyes\u00bb overlay_color=\u00bbcolor-wayh\u00bb overlay_alpha=\u00bb50&#8243; gutter_size=\u00bb3&#8243; column_width_percent=\u00bb100&#8243; shift_y=\u00bb0&#8243; z_index=\u00bb0&#8243; uncode_shortcode_id=\u00bb925805&#8243; back_color_type=\u00bbuncode-palette\u00bb overlay_color_type=\u00bbuncode-palette\u00bb][vc_column column_width_percent=\u00bb100&#8243; gutter_size=\u00bb3&#8243; overlay_alpha=\u00bb50&#8243; shift_x=\u00bb0&#8243; shift_y=\u00bb0&#8243; shift_y_down=\u00bb0&#8243; z_index=\u00bb0&#8243; medium_width=\u00bb0&#8243; mobile_width=\u00bb0&#8243; width=\u00bb1\/1&#8243; mobile_height=\u00bb340&#8243;][\/vc_column][\/vc_row][vc_row row_height_percent=\u00bb0&#8243; override_padding=\u00bbyes\u00bb h_padding=\u00bb2&#8243; top_padding=\u00bb2&#8243; bottom_padding=\u00bb5&#8243; overlay_alpha=\u00bb50&#8243; gutter_size=\u00bb3&#8243; column_width_percent=\u00bb100&#8243; shift_y=\u00bb0&#8243; z_index=\u00bb1&#8243;][vc_column column_width_percent=\u00bb100&#8243; gutter_size=\u00bb3&#8243; overlay_alpha=\u00bb50&#8243; shift_x=\u00bb0&#8243; shift_y=\u00bb0&#8243; shift_y_down=\u00bb0&#8243; z_index=\u00bb0&#8243; medium_width=\u00bb0&#8243; mobile_width=\u00bb0&#8243; width=\u00bb1\/1&#8243;][vc_row_inner row_inner_height_percent=\u00bb0&#8243; overlay_alpha=\u00bb50&#8243; gutter_size=\u00bb4&#8243; shift_y=\u00bb0&#8243; limit_content=\u00bb\u00bb][vc_column_inner column_width_percent=\u00bb100&#8243; gutter_size=\u00bb4&#8243; overlay_alpha=\u00bb50&#8243; shift_x=\u00bb0&#8243; shift_y=\u00bb0&#8243; shift_y_down=\u00bb0&#8243; z_index=\u00bb0&#8243; medium_width=\u00bb0&#8243; mobile_width=\u00bb0&#8243; sticky=\u00bbyes\u00bb width=\u00bb3\/12&#8243;][vc_empty_space empty_h=\u00bb2&#8243; medium_visibility=\u00bbyes\u00bb mobile_visibility=\u00bbyes\u00bb][\/vc_column_inner][vc_column_inner column_width_percent=\u00bb100&#8243; gutter_size=\u00bb3&#8243; override_padding=\u00bbyes\u00bb column_padding=\u00bb4&#8243; style=\u00bbdark\u00bb back_color=\u00bbcolor-849740&#8243; overlay_alpha=\u00bb50&#8243; shift_x=\u00bb0&#8243; shift_y=\u00bb-5&#8243; shift_y_down=\u00bb0&#8243; z_index=\u00bb0&#8243; medium_width=\u00bb0&#8243; mobile_width=\u00bb0&#8243; radius=\u00bbstd\u00bb shadow=\u00bblg\u00bb shadow_responsive=\u00bbyes\u00bb width=\u00bb9\/12&#8243; uncode_shortcode_id=\u00bb186360&#8243; back_color_type=\u00bbuncode-palette\u00bb][vc_custom_heading heading_semantic=\u00bbh3&#8243; text_font=\u00bbfont-148024&#8243; text_size=\u00bbh1&#8243; uncode_shortcode_id=\u00bb150148&#8243;]Principales distancias<br \/>\ndirecci\u00f3n M\u00e1laga[\/vc_custom_heading][vc_progress_bar values=\u00bb%5B%7B%22label%22%3A%22LA%20CALA%20DE%20MIJAS%20%7C%202%20MINUTOS%22%2C%22value%22%3A%227%22%2C%22bar_color_type%22%3A%22uncode-palette%22%2C%22bar_color%22%3A%22color-xsdn%22%2C%22bar_color_solid%22%3A%22%23ff0000%22%2C%22back_color_type%22%3A%22uncode-palette%22%2C%22back_color_solid%22%3A%22%23ff0000%22%7D%2C%7B%22label%22%3A%22FUENGIROLA%20%7C%208%20MINUTOS%22%2C%22value%22%3A%2225%22%2C%22bar_color_type%22%3A%22uncode-palette%22%2C%22bar_color%22%3A%22color-xsdn%22%2C%22bar_color_solid%22%3A%22%23ff0000%22%2C%22back_color_type%22%3A%22uncode-palette%22%2C%22back_color_solid%22%3A%22%23ff0000%22%7D%2C%7B%22label%22%3A%22TORREMOLINOS%20%7C%2018%20MINUTOS%22%2C%22value%22%3A%2235%22%2C%22bar_color_type%22%3A%22uncode-palette%22%2C%22bar_color%22%3A%22color-xsdn%22%2C%22bar_color_solid%22%3A%22%23ff0000%22%2C%22back_color_type%22%3A%22uncode-palette%22%2C%22back_color_solid%22%3A%22%23ff0000%22%7D%2C%7B%22label%22%3A%22AEROPUERTO%20M%C3%81LAGA%20%7C%2020%20MINUTOS%22%2C%22value%22%3A%2280%22%2C%22bar_color_type%22%3A%22uncode-palette%22%2C%22bar_color%22%3A%22color-xsdn%22%2C%22bar_color_solid%22%3A%22%23ff0000%22%2C%22back_color_type%22%3A%22uncode-palette%22%2C%22back_color_solid%22%3A%22%23ff0000%22%7D%5D\u00bb][\/vc_column_inner][\/vc_row_inner][vc_row_inner row_inner_height_percent=\u00bb0&#8243; overlay_alpha=\u00bb50&#8243; gutter_size=\u00bb4&#8243; shift_y=\u00bb0&#8243; limit_content=\u00bb\u00bb][vc_column_inner column_width_percent=\u00bb100&#8243; gutter_size=\u00bb4&#8243; overlay_alpha=\u00bb50&#8243; shift_x=\u00bb0&#8243; shift_y=\u00bb0&#8243; shift_y_down=\u00bb0&#8243; z_index=\u00bb0&#8243; medium_width=\u00bb0&#8243; mobile_width=\u00bb0&#8243; sticky=\u00bbyes\u00bb width=\u00bb3\/12&#8243;][vc_empty_space empty_h=\u00bb2&#8243; medium_visibility=\u00bbyes\u00bb mobile_visibility=\u00bbyes\u00bb][\/vc_column_inner][vc_column_inner column_width_percent=\u00bb100&#8243; gutter_size=\u00bb3&#8243; override_padding=\u00bbyes\u00bb column_padding=\u00bb4&#8243; style=\u00bbdark\u00bb back_color=\u00bbcolor-849740&#8243; overlay_alpha=\u00bb50&#8243; shift_x=\u00bb0&#8243; shift_y=\u00bb-5&#8243; shift_y_down=\u00bb0&#8243; z_index=\u00bb0&#8243; medium_width=\u00bb0&#8243; mobile_width=\u00bb0&#8243; radius=\u00bbstd\u00bb shadow=\u00bblg\u00bb shadow_responsive=\u00bbyes\u00bb width=\u00bb9\/12&#8243; uncode_shortcode_id=\u00bb186360&#8243; back_color_type=\u00bbuncode-palette\u00bb][vc_empty_space empty_h=\u00bb0&#8243;][vc_custom_heading heading_semantic=\u00bbh3&#8243; text_font=\u00bbfont-148024&#8243; text_size=\u00bbh1&#8243; uncode_shortcode_id=\u00bb204861&#8243;]Principales distancias<br \/>\ndirecci\u00f3n Marbella[\/vc_custom_heading][vc_progress_bar values=\u00bb%5B%7B%22label%22%3A%22MARBELLA%20%7C%2025%20MINUTOS%22%2C%22value%22%3A%2235%22%2C%22bar_color_type%22%3A%22uncode-palette%22%2C%22bar_color%22%3A%22color-xsdn%22%2C%22bar_color_solid%22%3A%22%23ff0000%22%2C%22back_color_type%22%3A%22uncode-palette%22%2C%22back_color_solid%22%3A%22%23ff0000%22%7D%2C%7B%22label%22%3A%22ESTEPONA%20%7C%2040%20MINUTOS%22%2C%22value%22%3A%2265%22%2C%22bar_color_type%22%3A%22uncode-palette%22%2C%22bar_color%22%3A%22color-xsdn%22%2C%22bar_color_solid%22%3A%22%23ff0000%22%2C%22back_color_type%22%3A%22uncode-palette%22%2C%22back_color_solid%22%3A%22%23ff0000%22%7D%2C%7B%22label%22%3A%22AEROPUERTO%20GIBRALTAR%20%7C%2060%20MINUTOS%22%2C%22value%22%3A%2290%22%2C%22bar_color_type%22%3A%22uncode-palette%22%2C%22bar_color%22%3A%22color-xsdn%22%2C%22bar_color_solid%22%3A%22%23ff0000%22%2C%22back_color_type%22%3A%22uncode-palette%22%2C%22back_color_solid%22%3A%22%23ff0000%22%7D%5D\u00bb][\/vc_column_inner][\/vc_row_inner][\/vc_column][\/vc_row][vc_row unlock_row_content=\u00bbyes\u00bb row_height_percent=\u00bb0&#8243; override_padding=\u00bbyes\u00bb h_padding=\u00bb0&#8243; top_padding=\u00bb0&#8243; bottom_padding=\u00bb0&#8243; overlay_alpha=\u00bb50&#8243; gutter_size=\u00bb3&#8243; column_width_percent=\u00bb100&#8243; shift_y=\u00bb0&#8243; z_index=\u00bb0&#8243; uncode_shortcode_id=\u00bb502763&#8243;][vc_column width=\u00bb1\/1&#8243;][vc_single_image media=\u00bb103680&#8243; media_width_percent=\u00bb100&#8243; uncode_shortcode_id=\u00bb882900&#8243;][\/vc_column][\/vc_row]<\/p>\n<\/section>","protected":false},"excerpt":{"rendered":"<p>[vc_row row_height_percent=\u00bb74&#8243; back_color=\u00bbcolor-wayh\u00bb back_image=\u00bb103298&#8243; back_position=\u00bbcenter bottom\u00bb parallax=\u00bbyes\u00bb overlay_color=\u00bbcolor-wayh\u00bb overlay_alpha=\u00bb35&#8243; gutter_size=\u00bb3&#8243; column_width_percent=\u00bb100&#8243; shift_y=\u00bb0&#8243; z_index=\u00bb0&#8243; uncode_shortcode_id=\u00bb151943&#8243; back_color_type=\u00bbuncode-palette\u00bb overlay_color_type=\u00bbuncode-palette\u00bb][vc_column column_width_use_pixel=\u00bbyes\u00bb position_vertical=\u00bbmiddle\u00bb align_horizontal=\u00bbalign_center\u00bb gutter_size=\u00bb3&#8243; [&hellip;]<\/p>\n","protected":false},"author":1,"featured_media":0,"parent":0,"menu_order":0,"comment_status":"closed","ping_status":"closed","template":"","meta":{"footnotes":""},"class_list":["post-103657","page","type-page","status-publish","hentry"],"yoast_head":"<!-- This site is optimized with the Yoast SEO plugin v27.4 - https:\/\/yoast.com\/product\/yoast-seo-wordpress\/ -->\n<title>Location - Dreamgolf Calanova<\/title>\n<meta name=\"robots\" content=\"index, follow, max-snippet:-1, max-image-preview:large, max-video-preview:-1\" \/>\n<link rel=\"canonical\" href=\"https:\/\/dreamgolfcalanova.com\/es\/location\/\" \/>\n<meta property=\"og:locale\" content=\"es_ES\" \/>\n<meta property=\"og:type\" content=\"article\" \/>\n<meta property=\"og:title\" content=\"Location - Dreamgolf Calanova\" \/>\n<meta property=\"og:description\" content=\"[vc_row row_height_percent=\u00bb74&#8243; back_color=\u00bbcolor-wayh\u00bb back_image=\u00bb103298&#8243; back_position=\u00bbcenter bottom\u00bb parallax=\u00bbyes\u00bb overlay_color=\u00bbcolor-wayh\u00bb overlay_alpha=\u00bb35&#8243; gutter_size=\u00bb3&#8243; column_width_percent=\u00bb100&#8243; shift_y=\u00bb0&#8243; z_index=\u00bb0&#8243; uncode_shortcode_id=\u00bb151943&#8243; back_color_type=\u00bbuncode-palette\u00bb overlay_color_type=\u00bbuncode-palette\u00bb][vc_column column_width_use_pixel=\u00bbyes\u00bb position_vertical=\u00bbmiddle\u00bb align_horizontal=\u00bbalign_center\u00bb gutter_size=\u00bb3&#8243; [&hellip;]\" \/>\n<meta property=\"og:url\" content=\"https:\/\/dreamgolfcalanova.com\/es\/location\/\" \/>\n<meta property=\"og:site_name\" content=\"Dreamgolf Calanova\" \/>\n<meta property=\"article:modified_time\" content=\"2022-08-24T12:05:13+00:00\" \/>\n<meta name=\"twitter:card\" content=\"summary_large_image\" \/>\n<meta name=\"twitter:label1\" content=\"Tiempo de lectura\" \/>\n\t<meta name=\"twitter:data1\" content=\"8 minutos\" \/>\n<script type=\"application\/ld+json\" class=\"yoast-schema-graph\">{\"@context\":\"https:\\\/\\\/schema.org\",\"@graph\":[{\"@type\":\"WebPage\",\"@id\":\"https:\\\/\\\/dreamgolfcalanova.com\\\/es\\\/location\\\/\",\"url\":\"https:\\\/\\\/dreamgolfcalanova.com\\\/es\\\/location\\\/\",\"name\":\"Location - Dreamgolf Calanova\",\"isPartOf\":{\"@id\":\"https:\\\/\\\/dreamgolfcalanova.com\\\/#website\"},\"datePublished\":\"2022-06-29T10:43:43+00:00\",\"dateModified\":\"2022-08-24T12:05:13+00:00\",\"breadcrumb\":{\"@id\":\"https:\\\/\\\/dreamgolfcalanova.com\\\/es\\\/location\\\/#breadcrumb\"},\"inLanguage\":\"es\",\"potentialAction\":[{\"@type\":\"ReadAction\",\"target\":[\"https:\\\/\\\/dreamgolfcalanova.com\\\/es\\\/location\\\/\"]}]},{\"@type\":\"BreadcrumbList\",\"@id\":\"https:\\\/\\\/dreamgolfcalanova.com\\\/es\\\/location\\\/#breadcrumb\",\"itemListElement\":[{\"@type\":\"ListItem\",\"position\":1,\"name\":\"Home\",\"item\":\"https:\\\/\\\/dreamgolfcalanova.com\\\/es\\\/\"},{\"@type\":\"ListItem\",\"position\":2,\"name\":\"Location\"}]},{\"@type\":\"WebSite\",\"@id\":\"https:\\\/\\\/dreamgolfcalanova.com\\\/#website\",\"url\":\"https:\\\/\\\/dreamgolfcalanova.com\\\/\",\"name\":\"Dreamgolf Calanova\",\"description\":\"Front Line Golf Apartments\",\"publisher\":{\"@id\":\"https:\\\/\\\/dreamgolfcalanova.com\\\/#organization\"},\"potentialAction\":[{\"@type\":\"SearchAction\",\"target\":{\"@type\":\"EntryPoint\",\"urlTemplate\":\"https:\\\/\\\/dreamgolfcalanova.com\\\/?s={search_term_string}\"},\"query-input\":{\"@type\":\"PropertyValueSpecification\",\"valueRequired\":true,\"valueName\":\"search_term_string\"}}],\"inLanguage\":\"es\"},{\"@type\":\"Organization\",\"@id\":\"https:\\\/\\\/dreamgolfcalanova.com\\\/#organization\",\"name\":\"Dreamgolf Calanova\",\"url\":\"https:\\\/\\\/dreamgolfcalanova.com\\\/\",\"logo\":{\"@type\":\"ImageObject\",\"inLanguage\":\"es\",\"@id\":\"https:\\\/\\\/dreamgolfcalanova.com\\\/#\\\/schema\\\/logo\\\/image\\\/\",\"url\":\"https:\\\/\\\/dreamgolfcalanova.com\\\/wp-content\\\/uploads\\\/revslider\\\/video-media\\\/dream-golfHD-1_16_layer.jpeg\",\"contentUrl\":\"https:\\\/\\\/dreamgolfcalanova.com\\\/wp-content\\\/uploads\\\/revslider\\\/video-media\\\/dream-golfHD-1_16_layer.jpeg\",\"width\":1280,\"height\":720,\"caption\":\"Dreamgolf Calanova\"},\"image\":{\"@id\":\"https:\\\/\\\/dreamgolfcalanova.com\\\/#\\\/schema\\\/logo\\\/image\\\/\"}}]}<\/script>\n<!-- \/ Yoast SEO plugin. -->","yoast_head_json":{"title":"Location - Dreamgolf Calanova","robots":{"index":"index","follow":"follow","max-snippet":"max-snippet:-1","max-image-preview":"max-image-preview:large","max-video-preview":"max-video-preview:-1"},"canonical":"https:\/\/dreamgolfcalanova.com\/es\/location\/","og_locale":"es_ES","og_type":"article","og_title":"Location - Dreamgolf Calanova","og_description":"[vc_row row_height_percent=\u00bb74&#8243; back_color=\u00bbcolor-wayh\u00bb back_image=\u00bb103298&#8243; back_position=\u00bbcenter bottom\u00bb parallax=\u00bbyes\u00bb overlay_color=\u00bbcolor-wayh\u00bb overlay_alpha=\u00bb35&#8243; gutter_size=\u00bb3&#8243; column_width_percent=\u00bb100&#8243; shift_y=\u00bb0&#8243; z_index=\u00bb0&#8243; uncode_shortcode_id=\u00bb151943&#8243; back_color_type=\u00bbuncode-palette\u00bb overlay_color_type=\u00bbuncode-palette\u00bb][vc_column column_width_use_pixel=\u00bbyes\u00bb position_vertical=\u00bbmiddle\u00bb align_horizontal=\u00bbalign_center\u00bb gutter_size=\u00bb3&#8243; [&hellip;]","og_url":"https:\/\/dreamgolfcalanova.com\/es\/location\/","og_site_name":"Dreamgolf Calanova","article_modified_time":"2022-08-24T12:05:13+00:00","twitter_card":"summary_large_image","twitter_misc":{"Tiempo de lectura":"8 minutos"},"schema":{"@context":"https:\/\/schema.org","@graph":[{"@type":"WebPage","@id":"https:\/\/dreamgolfcalanova.com\/es\/location\/","url":"https:\/\/dreamgolfcalanova.com\/es\/location\/","name":"Location - Dreamgolf Calanova","isPartOf":{"@id":"https:\/\/dreamgolfcalanova.com\/#website"},"datePublished":"2022-06-29T10:43:43+00:00","dateModified":"2022-08-24T12:05:13+00:00","breadcrumb":{"@id":"https:\/\/dreamgolfcalanova.com\/es\/location\/#breadcrumb"},"inLanguage":"es","potentialAction":[{"@type":"ReadAction","target":["https:\/\/dreamgolfcalanova.com\/es\/location\/"]}]},{"@type":"BreadcrumbList","@id":"https:\/\/dreamgolfcalanova.com\/es\/location\/#breadcrumb","itemListElement":[{"@type":"ListItem","position":1,"name":"Home","item":"https:\/\/dreamgolfcalanova.com\/es\/"},{"@type":"ListItem","position":2,"name":"Location"}]},{"@type":"WebSite","@id":"https:\/\/dreamgolfcalanova.com\/#website","url":"https:\/\/dreamgolfcalanova.com\/","name":"Dreamgolf Calanova","description":"Front Line Golf Apartments","publisher":{"@id":"https:\/\/dreamgolfcalanova.com\/#organization"},"potentialAction":[{"@type":"SearchAction","target":{"@type":"EntryPoint","urlTemplate":"https:\/\/dreamgolfcalanova.com\/?s={search_term_string}"},"query-input":{"@type":"PropertyValueSpecification","valueRequired":true,"valueName":"search_term_string"}}],"inLanguage":"es"},{"@type":"Organization","@id":"https:\/\/dreamgolfcalanova.com\/#organization","name":"Dreamgolf Calanova","url":"https:\/\/dreamgolfcalanova.com\/","logo":{"@type":"ImageObject","inLanguage":"es","@id":"https:\/\/dreamgolfcalanova.com\/#\/schema\/logo\/image\/","url":"https:\/\/dreamgolfcalanova.com\/wp-content\/uploads\/revslider\/video-media\/dream-golfHD-1_16_layer.jpeg","contentUrl":"https:\/\/dreamgolfcalanova.com\/wp-content\/uploads\/revslider\/video-media\/dream-golfHD-1_16_layer.jpeg","width":1280,"height":720,"caption":"Dreamgolf Calanova"},"image":{"@id":"https:\/\/dreamgolfcalanova.com\/#\/schema\/logo\/image\/"}}]}},"_links":{"self":[{"href":"https:\/\/dreamgolfcalanova.com\/es\/wp-json\/wp\/v2\/pages\/103657","targetHints":{"allow":["GET"]}}],"collection":[{"href":"https:\/\/dreamgolfcalanova.com\/es\/wp-json\/wp\/v2\/pages"}],"about":[{"href":"https:\/\/dreamgolfcalanova.com\/es\/wp-json\/wp\/v2\/types\/page"}],"author":[{"embeddable":true,"href":"https:\/\/dreamgolfcalanova.com\/es\/wp-json\/wp\/v2\/users\/1"}],"replies":[{"embeddable":true,"href":"https:\/\/dreamgolfcalanova.com\/es\/wp-json\/wp\/v2\/comments?post=103657"}],"version-history":[{"count":29,"href":"https:\/\/dreamgolfcalanova.com\/es\/wp-json\/wp\/v2\/pages\/103657\/revisions"}],"predecessor-version":[{"id":104225,"href":"https:\/\/dreamgolfcalanova.com\/es\/wp-json\/wp\/v2\/pages\/103657\/revisions\/104225"}],"wp:attachment":[{"href":"https:\/\/dreamgolfcalanova.com\/es\/wp-json\/wp\/v2\/media?parent=103657"}],"curies":[{"name":"wp","href":"https:\/\/api.w.org\/{rel}","templated":true}]}}