{"id":103729,"date":"2022-06-30T08:19:02","date_gmt":"2022-06-30T08:19:02","guid":{"rendered":"https:\/\/dreamgolfcalanova.com\/?page_id=103729"},"modified":"2022-08-24T12:12:56","modified_gmt":"2022-08-24T12:12:56","slug":"golf-courses","status":"publish","type":"page","link":"https:\/\/dreamgolfcalanova.com\/es\/golf-courses\/","title":{"rendered":"golf courses"},"content":{"rendered":"<section class=\"wpb-content-wrapper\"><p>[vc_row row_height_percent=\u00bb75&#8243; back_color=\u00bbcolor-wayh\u00bb back_image=\u00bb103741&#8243; back_position=\u00bbcenter bottom\u00bb parallax=\u00bbyes\u00bb overlay_color=\u00bbcolor-jevc\u00bb overlay_alpha=\u00bb48&#8243; gutter_size=\u00bb3&#8243; column_width_percent=\u00bb100&#8243; shift_y=\u00bb0&#8243; z_index=\u00bb0&#8243; uncode_shortcode_id=\u00bb141561&#8243; back_color_type=\u00bbuncode-palette\u00bb overlay_color_type=\u00bbuncode-palette\u00bb][vc_column column_width_use_pixel=\u00bbyes\u00bb position_vertical=\u00bbmiddle\u00bb align_horizontal=\u00bbalign_center\u00bb gutter_size=\u00bb2&#8243; style=\u00bbdark\u00bb overlay_alpha=\u00bb50&#8243; shift_x=\u00bb0&#8243; shift_y=\u00bb0&#8243; shift_y_down=\u00bb0&#8243; z_index=\u00bb0&#8243; medium_width=\u00bb0&#8243; mobile_width=\u00bb0&#8243; width=\u00bb1\/1&#8243; column_width_pixel=\u00bb900&#8243;][vc_custom_heading heading_semantic=\u00bbh5&#8243; text_size=\u00bbfontsize-160000&#8243; text_transform=\u00bbuppercase\u00bb text_space=\u00bbfontspace-135905&#8243; css_animation=\u00bbsingle-curtain\u00bb animation_delay=\u00bb400&#8243; uncode_shortcode_id=\u00bb151854&#8243;]una costa llena de campos de golf[\/vc_custom_heading][vc_custom_heading heading_semantic=\u00bbh1&#8243; text_font=\u00bbfont-148024&#8243; text_size=\u00bbfontsize-338686&#8243; text_weight=\u00bb200&#8243; css_animation=\u00bbtop-t-bottom\u00bb uncode_shortcode_id=\u00bb940586&#8243;]The Dream Golf[\/vc_custom_heading][vc_empty_space][\/vc_column][\/vc_row][vc_row row_height_percent=\u00bb0&#8243; override_padding=\u00bbyes\u00bb h_padding=\u00bb2&#8243; top_padding=\u00bb5&#8243; bottom_padding=\u00bb5&#8243; back_color=\u00bbcolor-lxmt\u00bb back_image=\u00bb103630&#8243; back_repeat=\u00bbrepeat\u00bb overlay_alpha=\u00bb0&#8243; equal_height=\u00bbyes\u00bb gutter_size=\u00bb4&#8243; column_width_percent=\u00bb100&#8243; shift_y=\u00bb0&#8243; z_index=\u00bb0&#8243; uncode_shortcode_id=\u00bb632071&#8243; back_color_type=\u00bbuncode-palette\u00bb back_size=\u00bbauto\u00bb][vc_column column_width_use_pixel=\u00bbyes\u00bb position_vertical=\u00bbmiddle\u00bb align_horizontal=\u00bbalign_center\u00bb gutter_size=\u00bb2&#8243; overlay_alpha=\u00bb50&#8243; preserve_border=\u00bbyes\u00bb preserve_border_tablet=\u00bbyes\u00bb shift_x=\u00bb0&#8243; shift_y=\u00bb0&#8243; shift_y_down=\u00bb0&#8243; z_index=\u00bb0&#8243; medium_width=\u00bb4&#8243; mobile_width=\u00bb0&#8243; width=\u00bb1\/2&#8243; uncode_shortcode_id=\u00bb852827&#8243; column_width_pixel=\u00bb900&#8243;][vc_custom_heading text_font=\u00bbfont-148024&#8243; text_size=\u00bbfontsize-155944&#8243; text_weight=\u00bb200&#8243; css_animation=\u00bbsingle-curtain\u00bb uncode_shortcode_id=\u00bb162737&#8243;]M\u00e1s de 70 Campos de golf<br \/>\nsolo para ti[\/vc_custom_heading][vc_column_text css_animation=\u00bbtop-t-bottom\u00bb uncode_shortcode_id=\u00bb100947&#8243;]No existe un lugar como la <strong>Costa del Golf<\/strong>. Con sus m\u00e1s de 70 campos de golf en activo, (incluyendo la zona gaditana de Sotograde, San Roque y Alcaidesa) convierte nuestro destino en <strong>DreamGolf<\/strong> en la zona de Europa continental con mayor n\u00famero de campos de golf. La gran variedad y la calidad de cada uno de ellos satisface todas las expectativas del aficionado a este deporte. Mucho donde elegir y disfrutar.[\/vc_column_text][\/vc_column][\/vc_row][vc_row unlock_row_content=\u00bbyes\u00bb row_height_percent=\u00bb0&#8243; override_padding=\u00bbyes\u00bb h_padding=\u00bb0&#8243; top_padding=\u00bb0&#8243; bottom_padding=\u00bb0&#8243; overlay_alpha=\u00bb50&#8243; gutter_size=\u00bb3&#8243; column_width_percent=\u00bb100&#8243; shift_y=\u00bb0&#8243; z_index=\u00bb0&#8243; uncode_shortcode_id=\u00bb113159&#8243;][vc_column width=\u00bb1\/1&#8243;][vc_single_image media=\u00bb103690&#8243; media_width_percent=\u00bb100&#8243; css_animation=\u00bbtop-t-bottom\u00bb uncode_shortcode_id=\u00bb933653&#8243;][\/vc_column][\/vc_row][vc_row unlock_row_content=\u00bbyes\u00bb row_height_percent=\u00bb0&#8243; override_padding=\u00bbyes\u00bb h_padding=\u00bb0&#8243; top_padding=\u00bb0&#8243; bottom_padding=\u00bb0&#8243; overlay_alpha=\u00bb50&#8243; gutter_size=\u00bb4&#8243; column_width_use_pixel=\u00bbyes\u00bb shift_y=\u00bb0&#8243; z_index=\u00bb0&#8243; auto_height_device=\u00bbyes\u00bb uncode_shortcode_id=\u00bb123804&#8243;][vc_column width=\u00bb7\/12&#8243;][vc_single_image media=\u00bb103743&#8243; media_width_percent=\u00bb100&#8243; media_ratio=\u00bbfour-three\u00bb css_animation=\u00bbleft-t-right\u00bb uncode_shortcode_id=\u00bb172434&#8243;][\/vc_column][vc_column column_width_percent=\u00bb62&#8243; position_vertical=\u00bbmiddle\u00bb gutter_size=\u00bb3&#8243; override_padding=\u00bbyes\u00bb column_padding=\u00bb3&#8243; overlay_alpha=\u00bb50&#8243; shift_x=\u00bb0&#8243; shift_y=\u00bb0&#8243; shift_y_down=\u00bb0&#8243; z_index=\u00bb0&#8243; medium_width=\u00bb0&#8243; mobile_width=\u00bb0&#8243; width=\u00bb5\/12&#8243; uncode_shortcode_id=\u00bb135027&#8243;][vc_single_image media=\u00bb103752&#8243; media_width_percent=\u00bb27&#8243; css_animation=\u00bbtop-t-bottom\u00bb uncode_shortcode_id=\u00bb162430&#8243;][vc_custom_heading heading_semantic=\u00bbh3&#8243; text_font=\u00bbfont-148024&#8243; text_size=\u00bbfontsize-155944&#8243; text_weight=\u00bb200&#8243; css_animation=\u00bbright-t-left\u00bb uncode_shortcode_id=\u00bb145999&#8243;]En el centro del Valle del Golf[\/vc_custom_heading][vc_column_text css_animation=\u00bbright-t-left\u00bb animation_delay=\u00bb400&#8243; uncode_shortcode_id=\u00bb942703&#8243;]<strong>DreamGolf<\/strong> est\u00e1 en primera l\u00ednea del campo de Golf Calanova y a los pies del hoyo 14. En su entorno m\u00e1s pr\u00f3ximo hay una gran oferta que satisface las exigencias para jugadores de todos los niveles.[\/vc_column_text][vc_button button_color=\u00bbaccent\u00bb border_width=\u00bb0&#8243; css_animation=\u00bbright-t-left\u00bb animation_delay=\u00bb800&#8243; link=\u00bburl:https%3A%2F%2Fdreamgolfcalanova.com%2Fcontact%2F|title:Contact%20ok\u00bb button_color_type=\u00bbuncode-palette\u00bb uncode_shortcode_id=\u00bb359252&#8243;]Solicita informaci\u00f3n de DreamGolf[\/vc_button][\/vc_column][\/vc_row][vc_row row_height_percent=\u00bb0&#8243; override_padding=\u00bbyes\u00bb h_padding=\u00bb2&#8243; top_padding=\u00bb3&#8243; bottom_padding=\u00bb2&#8243; overlay_alpha=\u00bb50&#8243; gutter_size=\u00bb4&#8243; column_width_percent=\u00bb100&#8243; shift_y=\u00bb0&#8243; z_index=\u00bb0&#8243; uncode_shortcode_id=\u00bb166820&#8243;][vc_column column_width_percent=\u00bb100&#8243; align_horizontal=\u00bbalign_center\u00bb gutter_size=\u00bb2&#8243; overlay_alpha=\u00bb50&#8243; shift_x=\u00bb0&#8243; shift_y=\u00bb0&#8243; shift_y_down=\u00bb0&#8243; z_index=\u00bb0&#8243; align_medium=\u00bbalign_center_tablet\u00bb medium_width=\u00bb0&#8243; align_mobile=\u00bbalign_center_mobile\u00bb mobile_width=\u00bb0&#8243; width=\u00bb1\/1&#8243; uncode_shortcode_id=\u00bb168958&#8243;][vc_custom_heading heading_semantic=\u00bbh3&#8243; text_font=\u00bbfont-148024&#8243; text_size=\u00bbh1&#8243; text_weight=\u00bb200&#8243; css_animation=\u00bbsingle-curtain\u00bb uncode_shortcode_id=\u00bb106252&#8243;]Principales campos de Golf en la Costa del Sol[\/vc_custom_heading][vc_empty_space empty_h=\u00bb2&#8243; mobile_visibility=\u00bbyes\u00bb][\/vc_column][\/vc_row][vc_row row_height_percent=\u00bb0&#8243; override_padding=\u00bbyes\u00bb h_padding=\u00bb0&#8243; top_padding=\u00bb0&#8243; bottom_padding=\u00bb3&#8243; back_color=\u00bbcolor-xsdn\u00bb overlay_alpha=\u00bb50&#8243; gutter_size=\u00bb3&#8243; column_width_use_pixel=\u00bbyes\u00bb shift_y=\u00bb0&#8243; z_index=\u00bb0&#8243; uncode_shortcode_id=\u00bb168366&#8243; back_color_type=\u00bbuncode-palette\u00bb column_width_pixel=\u00bb1500&#8243;][vc_column width=\u00bb1\/1&#8243;][vc_single_image media=\u00bb103751&#8243; media_width_percent=\u00bb100&#8243; media_ratio=\u00bbtwentyone-nine\u00bb css_animation=\u00bbzoom-in\u00bb uncode_shortcode_id=\u00bb154740&#8243;][\/vc_column][\/vc_row]<\/p>\n<\/section>","protected":false},"excerpt":{"rendered":"<p>[vc_row row_height_percent=\u00bb75&#8243; back_color=\u00bbcolor-wayh\u00bb back_image=\u00bb103741&#8243; back_position=\u00bbcenter bottom\u00bb parallax=\u00bbyes\u00bb overlay_color=\u00bbcolor-jevc\u00bb overlay_alpha=\u00bb48&#8243; gutter_size=\u00bb3&#8243; column_width_percent=\u00bb100&#8243; shift_y=\u00bb0&#8243; z_index=\u00bb0&#8243; uncode_shortcode_id=\u00bb141561&#8243; back_color_type=\u00bbuncode-palette\u00bb overlay_color_type=\u00bbuncode-palette\u00bb][vc_column column_width_use_pixel=\u00bbyes\u00bb position_vertical=\u00bbmiddle\u00bb align_horizontal=\u00bbalign_center\u00bb gutter_size=\u00bb2&#8243; [&hellip;]<\/p>\n","protected":false},"author":1,"featured_media":0,"parent":0,"menu_order":0,"comment_status":"closed","ping_status":"closed","template":"","meta":{"footnotes":""},"class_list":["post-103729","page","type-page","status-publish","hentry"],"yoast_head":"<!-- This site is optimized with the Yoast SEO plugin v27.4 - https:\/\/yoast.com\/product\/yoast-seo-wordpress\/ -->\n<title>golf courses - Dreamgolf Calanova<\/title>\n<meta name=\"robots\" content=\"index, follow, max-snippet:-1, max-image-preview:large, max-video-preview:-1\" \/>\n<link rel=\"canonical\" href=\"https:\/\/dreamgolfcalanova.com\/es\/golf-courses\/\" \/>\n<meta property=\"og:locale\" content=\"es_ES\" \/>\n<meta property=\"og:type\" content=\"article\" \/>\n<meta property=\"og:title\" content=\"golf courses - Dreamgolf Calanova\" \/>\n<meta property=\"og:description\" content=\"[vc_row row_height_percent=\u00bb75&#8243; back_color=\u00bbcolor-wayh\u00bb back_image=\u00bb103741&#8243; back_position=\u00bbcenter bottom\u00bb parallax=\u00bbyes\u00bb overlay_color=\u00bbcolor-jevc\u00bb overlay_alpha=\u00bb48&#8243; gutter_size=\u00bb3&#8243; column_width_percent=\u00bb100&#8243; shift_y=\u00bb0&#8243; z_index=\u00bb0&#8243; uncode_shortcode_id=\u00bb141561&#8243; back_color_type=\u00bbuncode-palette\u00bb overlay_color_type=\u00bbuncode-palette\u00bb][vc_column column_width_use_pixel=\u00bbyes\u00bb position_vertical=\u00bbmiddle\u00bb align_horizontal=\u00bbalign_center\u00bb gutter_size=\u00bb2&#8243; [&hellip;]\" \/>\n<meta property=\"og:url\" content=\"https:\/\/dreamgolfcalanova.com\/es\/golf-courses\/\" \/>\n<meta property=\"og:site_name\" content=\"Dreamgolf Calanova\" \/>\n<meta property=\"article:modified_time\" content=\"2022-08-24T12:12:56+00:00\" \/>\n<meta name=\"twitter:card\" content=\"summary_large_image\" \/>\n<meta name=\"twitter:label1\" content=\"Tiempo de lectura\" \/>\n\t<meta name=\"twitter:data1\" content=\"4 minutos\" \/>\n<script type=\"application\/ld+json\" class=\"yoast-schema-graph\">{\"@context\":\"https:\\\/\\\/schema.org\",\"@graph\":[{\"@type\":\"WebPage\",\"@id\":\"https:\\\/\\\/dreamgolfcalanova.com\\\/es\\\/golf-courses\\\/\",\"url\":\"https:\\\/\\\/dreamgolfcalanova.com\\\/es\\\/golf-courses\\\/\",\"name\":\"golf courses - Dreamgolf Calanova\",\"isPartOf\":{\"@id\":\"https:\\\/\\\/dreamgolfcalanova.com\\\/#website\"},\"datePublished\":\"2022-06-30T08:19:02+00:00\",\"dateModified\":\"2022-08-24T12:12:56+00:00\",\"breadcrumb\":{\"@id\":\"https:\\\/\\\/dreamgolfcalanova.com\\\/es\\\/golf-courses\\\/#breadcrumb\"},\"inLanguage\":\"es\",\"potentialAction\":[{\"@type\":\"ReadAction\",\"target\":[\"https:\\\/\\\/dreamgolfcalanova.com\\\/es\\\/golf-courses\\\/\"]}]},{\"@type\":\"BreadcrumbList\",\"@id\":\"https:\\\/\\\/dreamgolfcalanova.com\\\/es\\\/golf-courses\\\/#breadcrumb\",\"itemListElement\":[{\"@type\":\"ListItem\",\"position\":1,\"name\":\"Home\",\"item\":\"https:\\\/\\\/dreamgolfcalanova.com\\\/es\\\/\"},{\"@type\":\"ListItem\",\"position\":2,\"name\":\"golf courses\"}]},{\"@type\":\"WebSite\",\"@id\":\"https:\\\/\\\/dreamgolfcalanova.com\\\/#website\",\"url\":\"https:\\\/\\\/dreamgolfcalanova.com\\\/\",\"name\":\"Dreamgolf Calanova\",\"description\":\"Front Line Golf Apartments\",\"publisher\":{\"@id\":\"https:\\\/\\\/dreamgolfcalanova.com\\\/#organization\"},\"potentialAction\":[{\"@type\":\"SearchAction\",\"target\":{\"@type\":\"EntryPoint\",\"urlTemplate\":\"https:\\\/\\\/dreamgolfcalanova.com\\\/?s={search_term_string}\"},\"query-input\":{\"@type\":\"PropertyValueSpecification\",\"valueRequired\":true,\"valueName\":\"search_term_string\"}}],\"inLanguage\":\"es\"},{\"@type\":\"Organization\",\"@id\":\"https:\\\/\\\/dreamgolfcalanova.com\\\/#organization\",\"name\":\"Dreamgolf Calanova\",\"url\":\"https:\\\/\\\/dreamgolfcalanova.com\\\/\",\"logo\":{\"@type\":\"ImageObject\",\"inLanguage\":\"es\",\"@id\":\"https:\\\/\\\/dreamgolfcalanova.com\\\/#\\\/schema\\\/logo\\\/image\\\/\",\"url\":\"https:\\\/\\\/dreamgolfcalanova.com\\\/wp-content\\\/uploads\\\/revslider\\\/video-media\\\/dream-golfHD-1_16_layer.jpeg\",\"contentUrl\":\"https:\\\/\\\/dreamgolfcalanova.com\\\/wp-content\\\/uploads\\\/revslider\\\/video-media\\\/dream-golfHD-1_16_layer.jpeg\",\"width\":1280,\"height\":720,\"caption\":\"Dreamgolf Calanova\"},\"image\":{\"@id\":\"https:\\\/\\\/dreamgolfcalanova.com\\\/#\\\/schema\\\/logo\\\/image\\\/\"}}]}<\/script>\n<!-- \/ Yoast SEO plugin. -->","yoast_head_json":{"title":"golf courses - Dreamgolf Calanova","robots":{"index":"index","follow":"follow","max-snippet":"max-snippet:-1","max-image-preview":"max-image-preview:large","max-video-preview":"max-video-preview:-1"},"canonical":"https:\/\/dreamgolfcalanova.com\/es\/golf-courses\/","og_locale":"es_ES","og_type":"article","og_title":"golf courses - Dreamgolf Calanova","og_description":"[vc_row row_height_percent=\u00bb75&#8243; back_color=\u00bbcolor-wayh\u00bb back_image=\u00bb103741&#8243; back_position=\u00bbcenter bottom\u00bb parallax=\u00bbyes\u00bb overlay_color=\u00bbcolor-jevc\u00bb overlay_alpha=\u00bb48&#8243; gutter_size=\u00bb3&#8243; column_width_percent=\u00bb100&#8243; shift_y=\u00bb0&#8243; z_index=\u00bb0&#8243; uncode_shortcode_id=\u00bb141561&#8243; back_color_type=\u00bbuncode-palette\u00bb overlay_color_type=\u00bbuncode-palette\u00bb][vc_column column_width_use_pixel=\u00bbyes\u00bb position_vertical=\u00bbmiddle\u00bb align_horizontal=\u00bbalign_center\u00bb gutter_size=\u00bb2&#8243; [&hellip;]","og_url":"https:\/\/dreamgolfcalanova.com\/es\/golf-courses\/","og_site_name":"Dreamgolf Calanova","article_modified_time":"2022-08-24T12:12:56+00:00","twitter_card":"summary_large_image","twitter_misc":{"Tiempo de lectura":"4 minutos"},"schema":{"@context":"https:\/\/schema.org","@graph":[{"@type":"WebPage","@id":"https:\/\/dreamgolfcalanova.com\/es\/golf-courses\/","url":"https:\/\/dreamgolfcalanova.com\/es\/golf-courses\/","name":"golf courses - Dreamgolf Calanova","isPartOf":{"@id":"https:\/\/dreamgolfcalanova.com\/#website"},"datePublished":"2022-06-30T08:19:02+00:00","dateModified":"2022-08-24T12:12:56+00:00","breadcrumb":{"@id":"https:\/\/dreamgolfcalanova.com\/es\/golf-courses\/#breadcrumb"},"inLanguage":"es","potentialAction":[{"@type":"ReadAction","target":["https:\/\/dreamgolfcalanova.com\/es\/golf-courses\/"]}]},{"@type":"BreadcrumbList","@id":"https:\/\/dreamgolfcalanova.com\/es\/golf-courses\/#breadcrumb","itemListElement":[{"@type":"ListItem","position":1,"name":"Home","item":"https:\/\/dreamgolfcalanova.com\/es\/"},{"@type":"ListItem","position":2,"name":"golf courses"}]},{"@type":"WebSite","@id":"https:\/\/dreamgolfcalanova.com\/#website","url":"https:\/\/dreamgolfcalanova.com\/","name":"Dreamgolf Calanova","description":"Front Line Golf Apartments","publisher":{"@id":"https:\/\/dreamgolfcalanova.com\/#organization"},"potentialAction":[{"@type":"SearchAction","target":{"@type":"EntryPoint","urlTemplate":"https:\/\/dreamgolfcalanova.com\/?s={search_term_string}"},"query-input":{"@type":"PropertyValueSpecification","valueRequired":true,"valueName":"search_term_string"}}],"inLanguage":"es"},{"@type":"Organization","@id":"https:\/\/dreamgolfcalanova.com\/#organization","name":"Dreamgolf Calanova","url":"https:\/\/dreamgolfcalanova.com\/","logo":{"@type":"ImageObject","inLanguage":"es","@id":"https:\/\/dreamgolfcalanova.com\/#\/schema\/logo\/image\/","url":"https:\/\/dreamgolfcalanova.com\/wp-content\/uploads\/revslider\/video-media\/dream-golfHD-1_16_layer.jpeg","contentUrl":"https:\/\/dreamgolfcalanova.com\/wp-content\/uploads\/revslider\/video-media\/dream-golfHD-1_16_layer.jpeg","width":1280,"height":720,"caption":"Dreamgolf Calanova"},"image":{"@id":"https:\/\/dreamgolfcalanova.com\/#\/schema\/logo\/image\/"}}]}},"_links":{"self":[{"href":"https:\/\/dreamgolfcalanova.com\/es\/wp-json\/wp\/v2\/pages\/103729","targetHints":{"allow":["GET"]}}],"collection":[{"href":"https:\/\/dreamgolfcalanova.com\/es\/wp-json\/wp\/v2\/pages"}],"about":[{"href":"https:\/\/dreamgolfcalanova.com\/es\/wp-json\/wp\/v2\/types\/page"}],"author":[{"embeddable":true,"href":"https:\/\/dreamgolfcalanova.com\/es\/wp-json\/wp\/v2\/users\/1"}],"replies":[{"embeddable":true,"href":"https:\/\/dreamgolfcalanova.com\/es\/wp-json\/wp\/v2\/comments?post=103729"}],"version-history":[{"count":19,"href":"https:\/\/dreamgolfcalanova.com\/es\/wp-json\/wp\/v2\/pages\/103729\/revisions"}],"predecessor-version":[{"id":104227,"href":"https:\/\/dreamgolfcalanova.com\/es\/wp-json\/wp\/v2\/pages\/103729\/revisions\/104227"}],"wp:attachment":[{"href":"https:\/\/dreamgolfcalanova.com\/es\/wp-json\/wp\/v2\/media?parent=103729"}],"curies":[{"name":"wp","href":"https:\/\/api.w.org\/{rel}","templated":true}]}}