{"id":103763,"date":"2022-06-30T09:54:06","date_gmt":"2022-06-30T09:54:06","guid":{"rendered":"https:\/\/dreamgolfcalanova.com\/?page_id=103763"},"modified":"2022-08-24T12:13:43","modified_gmt":"2022-08-24T12:13:43","slug":"lifestyle","status":"publish","type":"page","link":"https:\/\/dreamgolfcalanova.com\/es\/lifestyle\/","title":{"rendered":"lifestyle"},"content":{"rendered":"<section class=\"wpb-content-wrapper\"><p>[vc_row row_height_percent=\u00bb75&#8243; back_color=\u00bbcolor-wayh\u00bb back_image=\u00bb103336&#8243; back_position=\u00bbcenter bottom\u00bb parallax=\u00bbyes\u00bb overlay_color=\u00bbcolor-wayh\u00bb overlay_alpha=\u00bb35&#8243; gutter_size=\u00bb3&#8243; column_width_percent=\u00bb100&#8243; shift_y=\u00bb0&#8243; z_index=\u00bb0&#8243; uncode_shortcode_id=\u00bb503260&#8243; back_color_type=\u00bbuncode-palette\u00bb overlay_color_type=\u00bbuncode-palette\u00bb][vc_column column_width_use_pixel=\u00bbyes\u00bb position_vertical=\u00bbmiddle\u00bb align_horizontal=\u00bbalign_center\u00bb gutter_size=\u00bb2&#8243; style=\u00bbdark\u00bb overlay_alpha=\u00bb50&#8243; shift_x=\u00bb0&#8243; shift_y=\u00bb0&#8243; shift_y_down=\u00bb0&#8243; z_index=\u00bb0&#8243; medium_width=\u00bb0&#8243; mobile_width=\u00bb0&#8243; width=\u00bb1\/1&#8243; column_width_pixel=\u00bb900&#8243;][vc_custom_heading heading_semantic=\u00bbh5&#8243; text_size=\u00bbfontsize-160000&#8243; text_transform=\u00bbuppercase\u00bb text_space=\u00bbfontspace-135905&#8243; uncode_shortcode_id=\u00bb187661&#8243;]mercadillos, comercio &amp; entretenimiento[\/vc_custom_heading][vc_custom_heading heading_semantic=\u00bbh1&#8243; text_font=\u00bbfont-148024&#8243; text_size=\u00bbfontsize-338686&#8243; text_weight=\u00bb200&#8243; uncode_shortcode_id=\u00bb126682&#8243;]un entorno para disfrutar[\/vc_custom_heading][vc_empty_space][\/vc_column][\/vc_row][vc_row row_height_percent=\u00bb0&#8243; override_padding=\u00bbyes\u00bb h_padding=\u00bb2&#8243; top_padding=\u00bb4&#8243; bottom_padding=\u00bb4&#8243; back_image=\u00bb103630&#8243; back_repeat=\u00bbrepeat\u00bb overlay_alpha=\u00bb50&#8243; gutter_size=\u00bb3&#8243; column_width_percent=\u00bb100&#8243; shift_y=\u00bb0&#8243; z_index=\u00bb0&#8243; uncode_shortcode_id=\u00bb114872&#8243; back_size=\u00bbauto\u00bb][vc_column column_width_percent=\u00bb100&#8243; align_horizontal=\u00bbalign_center\u00bb gutter_size=\u00bb3&#8243; overlay_alpha=\u00bb50&#8243; shift_x=\u00bb0&#8243; shift_y=\u00bb0&#8243; shift_y_down=\u00bb0&#8243; z_index=\u00bb0&#8243; medium_width=\u00bb0&#8243; mobile_width=\u00bb0&#8243; width=\u00bb1\/1&#8243; uncode_shortcode_id=\u00bb184194&#8243;][vc_custom_heading heading_semantic=\u00bbh1&#8243; text_font=\u00bbfont-148024&#8243; text_size=\u00bbfontsize-155944&#8243; text_weight=\u00bb200&#8243; uncode_shortcode_id=\u00bb133936&#8243;]un entorno para disfrutar[\/vc_custom_heading][vc_column_text uncode_shortcode_id=\u00bb651253&#8243;]la oferta comercial y de ocio es permanente en <strong>DreamGolf<\/strong>. Desde mercados biol\u00f3gicos hasta centros comerciales de primera con m\u00e1s de 140 tiendas, cines, pistas de karts, etc\u2026 Alimentaci\u00f3n, moda y experiencias a un paso de tu nueva vivienda en primera l\u00ednea de golf.[\/vc_column_text][vc_column_text uncode_shortcode_id=\u00bb586659&#8243;]Parques ac\u00faaticos y acuarios, puertos deportivos llenos de actividad cosmopolita, zool\u00f3gico, eventos y conciertos durante todo el a\u00f1o y un sin fin de restaurantes esperan para ser visitados. <strong>El entorno que te rodea ofrece mil y una posibilidades<\/strong> para el entretenimiento apto para todas las edades.[\/vc_column_text][\/vc_column][\/vc_row][vc_row unlock_row_content=\u00bbyes\u00bb row_height_percent=\u00bb0&#8243; override_padding=\u00bbyes\u00bb h_padding=\u00bb0&#8243; top_padding=\u00bb0&#8243; bottom_padding=\u00bb0&#8243; overlay_alpha=\u00bb50&#8243; gutter_size=\u00bb3&#8243; column_width_percent=\u00bb100&#8243; shift_y=\u00bb0&#8243; z_index=\u00bb0&#8243;][vc_column column_width_percent=\u00bb100&#8243; gutter_size=\u00bb3&#8243; style=\u00bbdark\u00bb overlay_alpha=\u00bb50&#8243; shift_x=\u00bb0&#8243; shift_y=\u00bb0&#8243; z_index=\u00bb0&#8243; medium_width=\u00bb0&#8243; mobile_width=\u00bb0&#8243; width=\u00bb1\/1&#8243;][vc_gallery el_id=\u00bbgallery-9751014&#8243; random=\u00bbyes\u00bb medias=\u00bb103770,103771,103781,103772,103773,103774,103782,103775,103776,103777,103778,103779,103780,103785,103783,103784,103786&#8243; gutter_size=\u00bb0&#8243; screen_lg=\u00bb1000&#8243; screen_md=\u00bb600&#8243; screen_sm=\u00bb480&#8243; single_overlay_color=\u00bbcolor-wayh\u00bb single_overlay_opacity=\u00bb50&#8243; single_h_align=\u00bbcenter\u00bb single_padding=\u00bb2&#8243; single_icon=\u00bbfa fa-plus2&#8243; single_border=\u00bbyes\u00bb single_css_animation=\u00bbalpha-anim\u00bb single_animation_speed=\u00bb600&#8243; single_animation_delay=\u00bb100&#8243; lbox_caption=\u00bbyes\u00bb lbox_social=\u00bbyes\u00bb lbox_deep=\u00bbyes\u00bb lbox_no_tmb=\u00bbyes\u00bb lbox_no_arrows=\u00bbyes\u00bb uncode_shortcode_id=\u00bb725188&#8243;][\/vc_column][\/vc_row]<\/p>\n<\/section>","protected":false},"excerpt":{"rendered":"<p>[vc_row row_height_percent=\u00bb75&#8243; back_color=\u00bbcolor-wayh\u00bb back_image=\u00bb103336&#8243; back_position=\u00bbcenter bottom\u00bb parallax=\u00bbyes\u00bb overlay_color=\u00bbcolor-wayh\u00bb overlay_alpha=\u00bb35&#8243; gutter_size=\u00bb3&#8243; column_width_percent=\u00bb100&#8243; shift_y=\u00bb0&#8243; z_index=\u00bb0&#8243; uncode_shortcode_id=\u00bb503260&#8243; back_color_type=\u00bbuncode-palette\u00bb overlay_color_type=\u00bbuncode-palette\u00bb][vc_column column_width_use_pixel=\u00bbyes\u00bb position_vertical=\u00bbmiddle\u00bb align_horizontal=\u00bbalign_center\u00bb gutter_size=\u00bb2&#8243; [&hellip;]<\/p>\n","protected":false},"author":1,"featured_media":0,"parent":0,"menu_order":0,"comment_status":"closed","ping_status":"closed","template":"","meta":{"footnotes":""},"class_list":["post-103763","page","type-page","status-publish","hentry"],"yoast_head":"<!-- This site is optimized with the Yoast SEO plugin v27.4 - https:\/\/yoast.com\/product\/yoast-seo-wordpress\/ -->\n<title>lifestyle - Dreamgolf Calanova<\/title>\n<meta name=\"robots\" content=\"index, follow, max-snippet:-1, max-image-preview:large, max-video-preview:-1\" \/>\n<link rel=\"canonical\" href=\"https:\/\/dreamgolfcalanova.com\/es\/lifestyle\/\" \/>\n<meta property=\"og:locale\" content=\"es_ES\" \/>\n<meta property=\"og:type\" content=\"article\" \/>\n<meta property=\"og:title\" content=\"lifestyle - Dreamgolf Calanova\" \/>\n<meta property=\"og:description\" content=\"[vc_row row_height_percent=\u00bb75&#8243; back_color=\u00bbcolor-wayh\u00bb back_image=\u00bb103336&#8243; back_position=\u00bbcenter bottom\u00bb parallax=\u00bbyes\u00bb overlay_color=\u00bbcolor-wayh\u00bb overlay_alpha=\u00bb35&#8243; gutter_size=\u00bb3&#8243; column_width_percent=\u00bb100&#8243; shift_y=\u00bb0&#8243; z_index=\u00bb0&#8243; uncode_shortcode_id=\u00bb503260&#8243; back_color_type=\u00bbuncode-palette\u00bb overlay_color_type=\u00bbuncode-palette\u00bb][vc_column column_width_use_pixel=\u00bbyes\u00bb position_vertical=\u00bbmiddle\u00bb align_horizontal=\u00bbalign_center\u00bb gutter_size=\u00bb2&#8243; [&hellip;]\" \/>\n<meta property=\"og:url\" content=\"https:\/\/dreamgolfcalanova.com\/es\/lifestyle\/\" \/>\n<meta property=\"og:site_name\" content=\"Dreamgolf Calanova\" \/>\n<meta property=\"article:modified_time\" content=\"2022-08-24T12:13:43+00:00\" \/>\n<meta name=\"twitter:card\" content=\"summary_large_image\" \/>\n<meta name=\"twitter:label1\" content=\"Tiempo de lectura\" \/>\n\t<meta name=\"twitter:data1\" content=\"2 minutos\" \/>\n<script type=\"application\/ld+json\" class=\"yoast-schema-graph\">{\"@context\":\"https:\\\/\\\/schema.org\",\"@graph\":[{\"@type\":\"WebPage\",\"@id\":\"https:\\\/\\\/dreamgolfcalanova.com\\\/es\\\/lifestyle\\\/\",\"url\":\"https:\\\/\\\/dreamgolfcalanova.com\\\/es\\\/lifestyle\\\/\",\"name\":\"lifestyle - Dreamgolf Calanova\",\"isPartOf\":{\"@id\":\"https:\\\/\\\/dreamgolfcalanova.com\\\/#website\"},\"datePublished\":\"2022-06-30T09:54:06+00:00\",\"dateModified\":\"2022-08-24T12:13:43+00:00\",\"breadcrumb\":{\"@id\":\"https:\\\/\\\/dreamgolfcalanova.com\\\/es\\\/lifestyle\\\/#breadcrumb\"},\"inLanguage\":\"es\",\"potentialAction\":[{\"@type\":\"ReadAction\",\"target\":[\"https:\\\/\\\/dreamgolfcalanova.com\\\/es\\\/lifestyle\\\/\"]}]},{\"@type\":\"BreadcrumbList\",\"@id\":\"https:\\\/\\\/dreamgolfcalanova.com\\\/es\\\/lifestyle\\\/#breadcrumb\",\"itemListElement\":[{\"@type\":\"ListItem\",\"position\":1,\"name\":\"Home\",\"item\":\"https:\\\/\\\/dreamgolfcalanova.com\\\/es\\\/\"},{\"@type\":\"ListItem\",\"position\":2,\"name\":\"lifestyle\"}]},{\"@type\":\"WebSite\",\"@id\":\"https:\\\/\\\/dreamgolfcalanova.com\\\/#website\",\"url\":\"https:\\\/\\\/dreamgolfcalanova.com\\\/\",\"name\":\"Dreamgolf Calanova\",\"description\":\"Front Line Golf Apartments\",\"publisher\":{\"@id\":\"https:\\\/\\\/dreamgolfcalanova.com\\\/#organization\"},\"potentialAction\":[{\"@type\":\"SearchAction\",\"target\":{\"@type\":\"EntryPoint\",\"urlTemplate\":\"https:\\\/\\\/dreamgolfcalanova.com\\\/?s={search_term_string}\"},\"query-input\":{\"@type\":\"PropertyValueSpecification\",\"valueRequired\":true,\"valueName\":\"search_term_string\"}}],\"inLanguage\":\"es\"},{\"@type\":\"Organization\",\"@id\":\"https:\\\/\\\/dreamgolfcalanova.com\\\/#organization\",\"name\":\"Dreamgolf Calanova\",\"url\":\"https:\\\/\\\/dreamgolfcalanova.com\\\/\",\"logo\":{\"@type\":\"ImageObject\",\"inLanguage\":\"es\",\"@id\":\"https:\\\/\\\/dreamgolfcalanova.com\\\/#\\\/schema\\\/logo\\\/image\\\/\",\"url\":\"https:\\\/\\\/dreamgolfcalanova.com\\\/wp-content\\\/uploads\\\/revslider\\\/video-media\\\/dream-golfHD-1_16_layer.jpeg\",\"contentUrl\":\"https:\\\/\\\/dreamgolfcalanova.com\\\/wp-content\\\/uploads\\\/revslider\\\/video-media\\\/dream-golfHD-1_16_layer.jpeg\",\"width\":1280,\"height\":720,\"caption\":\"Dreamgolf Calanova\"},\"image\":{\"@id\":\"https:\\\/\\\/dreamgolfcalanova.com\\\/#\\\/schema\\\/logo\\\/image\\\/\"}}]}<\/script>\n<!-- \/ Yoast SEO plugin. -->","yoast_head_json":{"title":"lifestyle - Dreamgolf Calanova","robots":{"index":"index","follow":"follow","max-snippet":"max-snippet:-1","max-image-preview":"max-image-preview:large","max-video-preview":"max-video-preview:-1"},"canonical":"https:\/\/dreamgolfcalanova.com\/es\/lifestyle\/","og_locale":"es_ES","og_type":"article","og_title":"lifestyle - Dreamgolf Calanova","og_description":"[vc_row row_height_percent=\u00bb75&#8243; back_color=\u00bbcolor-wayh\u00bb back_image=\u00bb103336&#8243; back_position=\u00bbcenter bottom\u00bb parallax=\u00bbyes\u00bb overlay_color=\u00bbcolor-wayh\u00bb overlay_alpha=\u00bb35&#8243; gutter_size=\u00bb3&#8243; column_width_percent=\u00bb100&#8243; shift_y=\u00bb0&#8243; z_index=\u00bb0&#8243; uncode_shortcode_id=\u00bb503260&#8243; back_color_type=\u00bbuncode-palette\u00bb overlay_color_type=\u00bbuncode-palette\u00bb][vc_column column_width_use_pixel=\u00bbyes\u00bb position_vertical=\u00bbmiddle\u00bb align_horizontal=\u00bbalign_center\u00bb gutter_size=\u00bb2&#8243; [&hellip;]","og_url":"https:\/\/dreamgolfcalanova.com\/es\/lifestyle\/","og_site_name":"Dreamgolf Calanova","article_modified_time":"2022-08-24T12:13:43+00:00","twitter_card":"summary_large_image","twitter_misc":{"Tiempo de lectura":"2 minutos"},"schema":{"@context":"https:\/\/schema.org","@graph":[{"@type":"WebPage","@id":"https:\/\/dreamgolfcalanova.com\/es\/lifestyle\/","url":"https:\/\/dreamgolfcalanova.com\/es\/lifestyle\/","name":"lifestyle - Dreamgolf Calanova","isPartOf":{"@id":"https:\/\/dreamgolfcalanova.com\/#website"},"datePublished":"2022-06-30T09:54:06+00:00","dateModified":"2022-08-24T12:13:43+00:00","breadcrumb":{"@id":"https:\/\/dreamgolfcalanova.com\/es\/lifestyle\/#breadcrumb"},"inLanguage":"es","potentialAction":[{"@type":"ReadAction","target":["https:\/\/dreamgolfcalanova.com\/es\/lifestyle\/"]}]},{"@type":"BreadcrumbList","@id":"https:\/\/dreamgolfcalanova.com\/es\/lifestyle\/#breadcrumb","itemListElement":[{"@type":"ListItem","position":1,"name":"Home","item":"https:\/\/dreamgolfcalanova.com\/es\/"},{"@type":"ListItem","position":2,"name":"lifestyle"}]},{"@type":"WebSite","@id":"https:\/\/dreamgolfcalanova.com\/#website","url":"https:\/\/dreamgolfcalanova.com\/","name":"Dreamgolf Calanova","description":"Front Line Golf Apartments","publisher":{"@id":"https:\/\/dreamgolfcalanova.com\/#organization"},"potentialAction":[{"@type":"SearchAction","target":{"@type":"EntryPoint","urlTemplate":"https:\/\/dreamgolfcalanova.com\/?s={search_term_string}"},"query-input":{"@type":"PropertyValueSpecification","valueRequired":true,"valueName":"search_term_string"}}],"inLanguage":"es"},{"@type":"Organization","@id":"https:\/\/dreamgolfcalanova.com\/#organization","name":"Dreamgolf Calanova","url":"https:\/\/dreamgolfcalanova.com\/","logo":{"@type":"ImageObject","inLanguage":"es","@id":"https:\/\/dreamgolfcalanova.com\/#\/schema\/logo\/image\/","url":"https:\/\/dreamgolfcalanova.com\/wp-content\/uploads\/revslider\/video-media\/dream-golfHD-1_16_layer.jpeg","contentUrl":"https:\/\/dreamgolfcalanova.com\/wp-content\/uploads\/revslider\/video-media\/dream-golfHD-1_16_layer.jpeg","width":1280,"height":720,"caption":"Dreamgolf Calanova"},"image":{"@id":"https:\/\/dreamgolfcalanova.com\/#\/schema\/logo\/image\/"}}]}},"_links":{"self":[{"href":"https:\/\/dreamgolfcalanova.com\/es\/wp-json\/wp\/v2\/pages\/103763","targetHints":{"allow":["GET"]}}],"collection":[{"href":"https:\/\/dreamgolfcalanova.com\/es\/wp-json\/wp\/v2\/pages"}],"about":[{"href":"https:\/\/dreamgolfcalanova.com\/es\/wp-json\/wp\/v2\/types\/page"}],"author":[{"embeddable":true,"href":"https:\/\/dreamgolfcalanova.com\/es\/wp-json\/wp\/v2\/users\/1"}],"replies":[{"embeddable":true,"href":"https:\/\/dreamgolfcalanova.com\/es\/wp-json\/wp\/v2\/comments?post=103763"}],"version-history":[{"count":9,"href":"https:\/\/dreamgolfcalanova.com\/es\/wp-json\/wp\/v2\/pages\/103763\/revisions"}],"predecessor-version":[{"id":103823,"href":"https:\/\/dreamgolfcalanova.com\/es\/wp-json\/wp\/v2\/pages\/103763\/revisions\/103823"}],"wp:attachment":[{"href":"https:\/\/dreamgolfcalanova.com\/es\/wp-json\/wp\/v2\/media?parent=103763"}],"curies":[{"name":"wp","href":"https:\/\/api.w.org\/{rel}","templated":true}]}}