{"id":103790,"date":"2022-06-30T10:45:46","date_gmt":"2022-06-30T10:45:46","guid":{"rendered":"https:\/\/dreamgolfcalanova.com\/?page_id=103790"},"modified":"2022-08-24T12:13:29","modified_gmt":"2022-08-24T12:13:29","slug":"beach-fun-sun","status":"publish","type":"page","link":"https:\/\/dreamgolfcalanova.com\/es\/beach-fun-sun\/","title":{"rendered":"beach, fun &#038; sun"},"content":{"rendered":"<section class=\"wpb-content-wrapper\"><p>[vc_row row_height_percent=\u00bb75&#8243; back_color=\u00bbcolor-wayh\u00bb back_image=\u00bb103739&#8243; back_position=\u00bbcenter bottom\u00bb parallax=\u00bbyes\u00bb overlay_color=\u00bbcolor-wayh\u00bb overlay_alpha=\u00bb35&#8243; gutter_size=\u00bb3&#8243; column_width_percent=\u00bb100&#8243; shift_y=\u00bb0&#8243; z_index=\u00bb0&#8243; uncode_shortcode_id=\u00bb122046&#8243; back_color_type=\u00bbuncode-palette\u00bb overlay_color_type=\u00bbuncode-palette\u00bb][vc_column column_width_use_pixel=\u00bbyes\u00bb position_vertical=\u00bbmiddle\u00bb align_horizontal=\u00bbalign_center\u00bb gutter_size=\u00bb2&#8243; style=\u00bbdark\u00bb overlay_alpha=\u00bb50&#8243; shift_x=\u00bb0&#8243; shift_y=\u00bb0&#8243; shift_y_down=\u00bb0&#8243; z_index=\u00bb0&#8243; medium_width=\u00bb0&#8243; mobile_width=\u00bb0&#8243; width=\u00bb1\/1&#8243; column_width_pixel=\u00bb900&#8243;][vc_custom_heading heading_semantic=\u00bbh5&#8243; text_size=\u00bbfontsize-160000&#8243; text_transform=\u00bbuppercase\u00bb text_space=\u00bbfontspace-135905&#8243; css_animation=\u00bbtop-t-bottom\u00bb uncode_shortcode_id=\u00bb148502&#8243;]apartamentos en primera l\u00ednea de golf[\/vc_custom_heading][vc_custom_heading heading_semantic=\u00bbh1&#8243; text_font=\u00bbfont-148024&#8243; text_size=\u00bbfontsize-338686&#8243; text_weight=\u00bb200&#8243; css_animation=\u00bbsingle-curtain\u00bb uncode_shortcode_id=\u00bb133535&#8243;]la playa, a un paso[\/vc_custom_heading][vc_empty_space][\/vc_column][\/vc_row][vc_row unlock_row_content=\u00bbyes\u00bb row_height_percent=\u00bb0&#8243; override_padding=\u00bbyes\u00bb h_padding=\u00bb0&#8243; top_padding=\u00bb0&#8243; bottom_padding=\u00bb0&#8243; overlay_alpha=\u00bb50&#8243; equal_height=\u00bbyes\u00bb gutter_size=\u00bb0&#8243; column_width_percent=\u00bb100&#8243; shift_y=\u00bb0&#8243; z_index=\u00bb0&#8243;][vc_column column_width_percent=\u00bb100&#8243; gutter_size=\u00bb3&#8243; back_image=\u00bb103794&#8243; overlay_alpha=\u00bb50&#8243; shift_x=\u00bb0&#8243; shift_y=\u00bb0&#8243; shift_y_down=\u00bb0&#8243; z_index=\u00bb0&#8243; medium_width=\u00bb0&#8243; mobile_width=\u00bb0&#8243; css_animation=\u00bbleft-t-right\u00bb width=\u00bb1\/2&#8243; mobile_height=\u00bb340&#8243; uncode_shortcode_id=\u00bb204365&#8243;][\/vc_column][vc_column column_width_use_pixel=\u00bbyes\u00bb gutter_size=\u00bb3&#8243; override_padding=\u00bbyes\u00bb column_padding=\u00bb5&#8243; overlay_alpha=\u00bb50&#8243; shift_x=\u00bb0&#8243; shift_y=\u00bb0&#8243; shift_y_down=\u00bb0&#8243; z_index=\u00bb0&#8243; medium_width=\u00bb0&#8243; mobile_width=\u00bb0&#8243; width=\u00bb1\/2&#8243; column_width_pixel=\u00bb528&#8243;][vc_custom_heading text_color=\u00bbaccent\u00bb heading_semantic=\u00bbh6&#8243; text_size=\u00bbfontsize-160000&#8243; text_transform=\u00bbuppercase\u00bb text_space=\u00bbfontspace-135905&#8243; css_animation=\u00bbtop-t-bottom\u00bb uncode_shortcode_id=\u00bb536790&#8243; text_color_type=\u00bbuncode-palette\u00bb]la cala de mijas[\/vc_custom_heading][vc_custom_heading heading_semantic=\u00bbh3&#8243; text_font=\u00bbfont-148024&#8243; text_size=\u00bbfontsize-155944&#8243; text_weight=\u00bb200&#8243; css_animation=\u00bbcurtain\u00bb animation_delay=\u00bb200&#8243; interval_animation=\u00bb200&#8243; uncode_shortcode_id=\u00bb652089&#8243;]<span class=\"heading-text-highlight \" data-atts='{\"bg\":\"style-color-rgdb-bg\",\"height\":\"10%\",\"offset\":\"0.00em\",\"opacity\":\"0.25\",\"animated\":\"yes\"}'>playas, sol &amp; diversi\u00f3n<\/span>[\/vc_custom_heading][vc_column_text text_lead=\u00bbyes\u00bb css_animation=\u00bbright-t-left\u00bb uncode_shortcode_id=\u00bb161025&#8243;]<strong>DreamGolf<\/strong> se vive sobre todo en el exterior. \u00bfQue quieres hacer hoy? no hace falta respuesta, d\u00e9jate llevar por su entorno y encontrar\u00e1s lo que deseas porque todo est\u00e1 junto a <strong>DreamGolf<\/strong>. Los chiringuitos y clubs de playa, la infinita oferta gastron\u00f3mica, la calidad de sus playas, aguas limpias, rocas y calas, la cornisa peatonal que recorre todo el litoral, los deportes acu\u00e1ticos y sobre todo el clima envidiable con una suave brisa mediterr\u00e1nea en donde el tiempo parece detenerse.[\/vc_column_text][vc_empty_space empty_h=\u00bb1&#8243;][\/vc_column][\/vc_row][vc_row unlock_row_content=\u00bbyes\u00bb row_height_percent=\u00bb0&#8243; override_padding=\u00bbyes\u00bb h_padding=\u00bb0&#8243; top_padding=\u00bb0&#8243; bottom_padding=\u00bb0&#8243; overlay_alpha=\u00bb50&#8243; gutter_size=\u00bb3&#8243; column_width_percent=\u00bb100&#8243; shift_y=\u00bb0&#8243; z_index=\u00bb0&#8243; uncode_shortcode_id=\u00bb124490&#8243;][vc_column width=\u00bb1\/1&#8243;][vc_single_image media=\u00bb103692&#8243; media_width_percent=\u00bb100&#8243; css_animation=\u00bbtop-t-bottom\u00bb uncode_shortcode_id=\u00bb134273&#8243;][\/vc_column][\/vc_row][vc_row unlock_row_content=\u00bbyes\u00bb row_height_percent=\u00bb0&#8243; override_padding=\u00bbyes\u00bb h_padding=\u00bb0&#8243; top_padding=\u00bb0&#8243; bottom_padding=\u00bb0&#8243; overlay_alpha=\u00bb50&#8243; equal_height=\u00bbyes\u00bb gutter_size=\u00bb0&#8243; column_width_percent=\u00bb100&#8243; shift_y=\u00bb0&#8243; z_index=\u00bb0&#8243; el_class=\u00bbinverted-device-order\u00bb][vc_column column_width_use_pixel=\u00bbyes\u00bb gutter_size=\u00bb3&#8243; override_padding=\u00bbyes\u00bb column_padding=\u00bb5&#8243; overlay_alpha=\u00bb50&#8243; shift_x=\u00bb0&#8243; shift_y=\u00bb0&#8243; shift_y_down=\u00bb0&#8243; z_index=\u00bb0&#8243; medium_width=\u00bb0&#8243; mobile_width=\u00bb0&#8243; width=\u00bb1\/2&#8243; column_width_pixel=\u00bb528&#8243;][vc_custom_heading text_color=\u00bbaccent\u00bb heading_semantic=\u00bbh6&#8243; text_size=\u00bbfontsize-160000&#8243; text_transform=\u00bbuppercase\u00bb text_space=\u00bbfontspace-135905&#8243; uncode_shortcode_id=\u00bb154041&#8243; text_color_type=\u00bbuncode-palette\u00bb]naturaleza conservada[\/vc_custom_heading][vc_custom_heading heading_semantic=\u00bbh3&#8243; text_font=\u00bbfont-148024&#8243; text_size=\u00bbfontsize-155944&#8243; text_weight=\u00bb200&#8243; css_animation=\u00bbcurtain\u00bb animation_delay=\u00bb200&#8243; interval_animation=\u00bb200&#8243; uncode_shortcode_id=\u00bb124399&#8243;]<span class=\"heading-text-highlight \" data-atts='{\"bg\":\"style-color-rgdb-bg\",\"height\":\"10%\",\"offset\":\"0.00em\",\"opacity\":\"0.25\",\"animated\":\"yes\"}'>un sue\u00f1o natural<\/span>[\/vc_custom_heading][vc_column_text text_lead=\u00bbyes\u00bb css_animation=\u00bbleft-t-right\u00bb uncode_shortcode_id=\u00bb180685&#8243;]La costa de la Cala de Mijas se encuentra en una zona natural protegida de especial conservaci\u00f3n gracias a la gran variedad de fauna y flora marina y a la calidad de sus aguas tapizadas de campos de posidonia que oxigenan el mar y lo envuelve de una transparencia sin igual. DreamGolf es un sue\u00f1o en plena naturaleza.[\/vc_column_text][vc_empty_space empty_h=\u00bb1&#8243;][\/vc_column][vc_column column_width_percent=\u00bb100&#8243; gutter_size=\u00bb3&#8243; back_image=\u00bb103804&#8243; overlay_color=\u00bbcolor-317662&#8243; overlay_alpha=\u00bb50&#8243; overlay_color_blend=\u00bbmultiply\u00bb shift_x=\u00bb0&#8243; shift_y=\u00bb0&#8243; shift_y_down=\u00bb0&#8243; z_index=\u00bb0&#8243; medium_width=\u00bb0&#8243; mobile_width=\u00bb0&#8243; width=\u00bb1\/2&#8243; mobile_height=\u00bb340&#8243; uncode_shortcode_id=\u00bb122913&#8243; overlay_color_type=\u00bbuncode-palette\u00bb][\/vc_column][\/vc_row][vc_row unlock_row_content=\u00bbyes\u00bb row_height_percent=\u00bb100&#8243; override_padding=\u00bbyes\u00bb h_padding=\u00bb0&#8243; top_padding=\u00bb0&#8243; bottom_padding=\u00bb0&#8243; overlay_color=\u00bbcolor-105898&#8243; overlay_alpha=\u00bb6&#8243; gutter_size=\u00bb3&#8243; column_width_percent=\u00bb100&#8243; shift_y=\u00bb0&#8243; z_index=\u00bb0&#8243; uncode_shortcode_id=\u00bb212068&#8243; overlay_color_type=\u00bbuncode-palette\u00bb shape_dividers=\u00bb\u00bb][vc_column column_width_percent=\u00bb100&#8243; gutter_size=\u00bb3&#8243; expand_height=\u00bbyes\u00bb back_image=\u00bb103900&#8243; overlay_alpha=\u00bb50&#8243; shift_x=\u00bb0&#8243; shift_y=\u00bb0&#8243; shift_y_down=\u00bb0&#8243; z_index=\u00bb0&#8243; medium_width=\u00bb0&#8243; mobile_width=\u00bb0&#8243; width=\u00bb1\/1&#8243; uncode_shortcode_id=\u00bb274090&#8243;][vc_empty_space empty_h=\u00bb5&#8243;][\/vc_column][\/vc_row]<\/p>\n<\/section>","protected":false},"excerpt":{"rendered":"<p>[vc_row row_height_percent=\u00bb75&#8243; back_color=\u00bbcolor-wayh\u00bb back_image=\u00bb103739&#8243; back_position=\u00bbcenter bottom\u00bb parallax=\u00bbyes\u00bb overlay_color=\u00bbcolor-wayh\u00bb overlay_alpha=\u00bb35&#8243; gutter_size=\u00bb3&#8243; column_width_percent=\u00bb100&#8243; shift_y=\u00bb0&#8243; z_index=\u00bb0&#8243; uncode_shortcode_id=\u00bb122046&#8243; back_color_type=\u00bbuncode-palette\u00bb overlay_color_type=\u00bbuncode-palette\u00bb][vc_column column_width_use_pixel=\u00bbyes\u00bb position_vertical=\u00bbmiddle\u00bb align_horizontal=\u00bbalign_center\u00bb gutter_size=\u00bb2&#8243; [&hellip;]<\/p>\n","protected":false},"author":1,"featured_media":0,"parent":0,"menu_order":0,"comment_status":"closed","ping_status":"closed","template":"","meta":{"footnotes":""},"class_list":["post-103790","page","type-page","status-publish","hentry"],"yoast_head":"<!-- This site is optimized with the Yoast SEO plugin v27.4 - https:\/\/yoast.com\/product\/yoast-seo-wordpress\/ -->\n<title>beach, fun &amp; sun - Dreamgolf Calanova<\/title>\n<meta name=\"robots\" content=\"index, follow, max-snippet:-1, max-image-preview:large, max-video-preview:-1\" \/>\n<link rel=\"canonical\" href=\"https:\/\/dreamgolfcalanova.com\/es\/beach-fun-sun\/\" \/>\n<meta property=\"og:locale\" content=\"es_ES\" \/>\n<meta property=\"og:type\" content=\"article\" \/>\n<meta property=\"og:title\" content=\"beach, fun &amp; sun - Dreamgolf Calanova\" \/>\n<meta property=\"og:description\" content=\"[vc_row row_height_percent=\u00bb75&#8243; back_color=\u00bbcolor-wayh\u00bb back_image=\u00bb103739&#8243; back_position=\u00bbcenter bottom\u00bb parallax=\u00bbyes\u00bb overlay_color=\u00bbcolor-wayh\u00bb overlay_alpha=\u00bb35&#8243; gutter_size=\u00bb3&#8243; column_width_percent=\u00bb100&#8243; shift_y=\u00bb0&#8243; z_index=\u00bb0&#8243; uncode_shortcode_id=\u00bb122046&#8243; back_color_type=\u00bbuncode-palette\u00bb overlay_color_type=\u00bbuncode-palette\u00bb][vc_column column_width_use_pixel=\u00bbyes\u00bb position_vertical=\u00bbmiddle\u00bb align_horizontal=\u00bbalign_center\u00bb gutter_size=\u00bb2&#8243; [&hellip;]\" \/>\n<meta property=\"og:url\" content=\"https:\/\/dreamgolfcalanova.com\/es\/beach-fun-sun\/\" \/>\n<meta property=\"og:site_name\" content=\"Dreamgolf Calanova\" \/>\n<meta property=\"article:modified_time\" content=\"2022-08-24T12:13:29+00:00\" \/>\n<meta name=\"twitter:card\" content=\"summary_large_image\" \/>\n<meta name=\"twitter:label1\" content=\"Tiempo de lectura\" \/>\n\t<meta name=\"twitter:data1\" content=\"4 minutos\" \/>\n<script type=\"application\/ld+json\" class=\"yoast-schema-graph\">{\"@context\":\"https:\\\/\\\/schema.org\",\"@graph\":[{\"@type\":\"WebPage\",\"@id\":\"https:\\\/\\\/dreamgolfcalanova.com\\\/es\\\/beach-fun-sun\\\/\",\"url\":\"https:\\\/\\\/dreamgolfcalanova.com\\\/es\\\/beach-fun-sun\\\/\",\"name\":\"beach, fun & sun - Dreamgolf Calanova\",\"isPartOf\":{\"@id\":\"https:\\\/\\\/dreamgolfcalanova.com\\\/#website\"},\"datePublished\":\"2022-06-30T10:45:46+00:00\",\"dateModified\":\"2022-08-24T12:13:29+00:00\",\"breadcrumb\":{\"@id\":\"https:\\\/\\\/dreamgolfcalanova.com\\\/es\\\/beach-fun-sun\\\/#breadcrumb\"},\"inLanguage\":\"es\",\"potentialAction\":[{\"@type\":\"ReadAction\",\"target\":[\"https:\\\/\\\/dreamgolfcalanova.com\\\/es\\\/beach-fun-sun\\\/\"]}]},{\"@type\":\"BreadcrumbList\",\"@id\":\"https:\\\/\\\/dreamgolfcalanova.com\\\/es\\\/beach-fun-sun\\\/#breadcrumb\",\"itemListElement\":[{\"@type\":\"ListItem\",\"position\":1,\"name\":\"Home\",\"item\":\"https:\\\/\\\/dreamgolfcalanova.com\\\/es\\\/\"},{\"@type\":\"ListItem\",\"position\":2,\"name\":\"beach, fun &#038; sun\"}]},{\"@type\":\"WebSite\",\"@id\":\"https:\\\/\\\/dreamgolfcalanova.com\\\/#website\",\"url\":\"https:\\\/\\\/dreamgolfcalanova.com\\\/\",\"name\":\"Dreamgolf Calanova\",\"description\":\"Front Line Golf Apartments\",\"publisher\":{\"@id\":\"https:\\\/\\\/dreamgolfcalanova.com\\\/#organization\"},\"potentialAction\":[{\"@type\":\"SearchAction\",\"target\":{\"@type\":\"EntryPoint\",\"urlTemplate\":\"https:\\\/\\\/dreamgolfcalanova.com\\\/?s={search_term_string}\"},\"query-input\":{\"@type\":\"PropertyValueSpecification\",\"valueRequired\":true,\"valueName\":\"search_term_string\"}}],\"inLanguage\":\"es\"},{\"@type\":\"Organization\",\"@id\":\"https:\\\/\\\/dreamgolfcalanova.com\\\/#organization\",\"name\":\"Dreamgolf Calanova\",\"url\":\"https:\\\/\\\/dreamgolfcalanova.com\\\/\",\"logo\":{\"@type\":\"ImageObject\",\"inLanguage\":\"es\",\"@id\":\"https:\\\/\\\/dreamgolfcalanova.com\\\/#\\\/schema\\\/logo\\\/image\\\/\",\"url\":\"https:\\\/\\\/dreamgolfcalanova.com\\\/wp-content\\\/uploads\\\/revslider\\\/video-media\\\/dream-golfHD-1_16_layer.jpeg\",\"contentUrl\":\"https:\\\/\\\/dreamgolfcalanova.com\\\/wp-content\\\/uploads\\\/revslider\\\/video-media\\\/dream-golfHD-1_16_layer.jpeg\",\"width\":1280,\"height\":720,\"caption\":\"Dreamgolf Calanova\"},\"image\":{\"@id\":\"https:\\\/\\\/dreamgolfcalanova.com\\\/#\\\/schema\\\/logo\\\/image\\\/\"}}]}<\/script>\n<!-- \/ Yoast SEO plugin. -->","yoast_head_json":{"title":"beach, fun & sun - Dreamgolf Calanova","robots":{"index":"index","follow":"follow","max-snippet":"max-snippet:-1","max-image-preview":"max-image-preview:large","max-video-preview":"max-video-preview:-1"},"canonical":"https:\/\/dreamgolfcalanova.com\/es\/beach-fun-sun\/","og_locale":"es_ES","og_type":"article","og_title":"beach, fun & sun - Dreamgolf Calanova","og_description":"[vc_row row_height_percent=\u00bb75&#8243; back_color=\u00bbcolor-wayh\u00bb back_image=\u00bb103739&#8243; back_position=\u00bbcenter bottom\u00bb parallax=\u00bbyes\u00bb overlay_color=\u00bbcolor-wayh\u00bb overlay_alpha=\u00bb35&#8243; gutter_size=\u00bb3&#8243; column_width_percent=\u00bb100&#8243; shift_y=\u00bb0&#8243; z_index=\u00bb0&#8243; uncode_shortcode_id=\u00bb122046&#8243; back_color_type=\u00bbuncode-palette\u00bb overlay_color_type=\u00bbuncode-palette\u00bb][vc_column column_width_use_pixel=\u00bbyes\u00bb position_vertical=\u00bbmiddle\u00bb align_horizontal=\u00bbalign_center\u00bb gutter_size=\u00bb2&#8243; [&hellip;]","og_url":"https:\/\/dreamgolfcalanova.com\/es\/beach-fun-sun\/","og_site_name":"Dreamgolf Calanova","article_modified_time":"2022-08-24T12:13:29+00:00","twitter_card":"summary_large_image","twitter_misc":{"Tiempo de lectura":"4 minutos"},"schema":{"@context":"https:\/\/schema.org","@graph":[{"@type":"WebPage","@id":"https:\/\/dreamgolfcalanova.com\/es\/beach-fun-sun\/","url":"https:\/\/dreamgolfcalanova.com\/es\/beach-fun-sun\/","name":"beach, fun & sun - Dreamgolf Calanova","isPartOf":{"@id":"https:\/\/dreamgolfcalanova.com\/#website"},"datePublished":"2022-06-30T10:45:46+00:00","dateModified":"2022-08-24T12:13:29+00:00","breadcrumb":{"@id":"https:\/\/dreamgolfcalanova.com\/es\/beach-fun-sun\/#breadcrumb"},"inLanguage":"es","potentialAction":[{"@type":"ReadAction","target":["https:\/\/dreamgolfcalanova.com\/es\/beach-fun-sun\/"]}]},{"@type":"BreadcrumbList","@id":"https:\/\/dreamgolfcalanova.com\/es\/beach-fun-sun\/#breadcrumb","itemListElement":[{"@type":"ListItem","position":1,"name":"Home","item":"https:\/\/dreamgolfcalanova.com\/es\/"},{"@type":"ListItem","position":2,"name":"beach, fun &#038; sun"}]},{"@type":"WebSite","@id":"https:\/\/dreamgolfcalanova.com\/#website","url":"https:\/\/dreamgolfcalanova.com\/","name":"Dreamgolf Calanova","description":"Front Line Golf Apartments","publisher":{"@id":"https:\/\/dreamgolfcalanova.com\/#organization"},"potentialAction":[{"@type":"SearchAction","target":{"@type":"EntryPoint","urlTemplate":"https:\/\/dreamgolfcalanova.com\/?s={search_term_string}"},"query-input":{"@type":"PropertyValueSpecification","valueRequired":true,"valueName":"search_term_string"}}],"inLanguage":"es"},{"@type":"Organization","@id":"https:\/\/dreamgolfcalanova.com\/#organization","name":"Dreamgolf Calanova","url":"https:\/\/dreamgolfcalanova.com\/","logo":{"@type":"ImageObject","inLanguage":"es","@id":"https:\/\/dreamgolfcalanova.com\/#\/schema\/logo\/image\/","url":"https:\/\/dreamgolfcalanova.com\/wp-content\/uploads\/revslider\/video-media\/dream-golfHD-1_16_layer.jpeg","contentUrl":"https:\/\/dreamgolfcalanova.com\/wp-content\/uploads\/revslider\/video-media\/dream-golfHD-1_16_layer.jpeg","width":1280,"height":720,"caption":"Dreamgolf Calanova"},"image":{"@id":"https:\/\/dreamgolfcalanova.com\/#\/schema\/logo\/image\/"}}]}},"_links":{"self":[{"href":"https:\/\/dreamgolfcalanova.com\/es\/wp-json\/wp\/v2\/pages\/103790","targetHints":{"allow":["GET"]}}],"collection":[{"href":"https:\/\/dreamgolfcalanova.com\/es\/wp-json\/wp\/v2\/pages"}],"about":[{"href":"https:\/\/dreamgolfcalanova.com\/es\/wp-json\/wp\/v2\/types\/page"}],"author":[{"embeddable":true,"href":"https:\/\/dreamgolfcalanova.com\/es\/wp-json\/wp\/v2\/users\/1"}],"replies":[{"embeddable":true,"href":"https:\/\/dreamgolfcalanova.com\/es\/wp-json\/wp\/v2\/comments?post=103790"}],"version-history":[{"count":21,"href":"https:\/\/dreamgolfcalanova.com\/es\/wp-json\/wp\/v2\/pages\/103790\/revisions"}],"predecessor-version":[{"id":104223,"href":"https:\/\/dreamgolfcalanova.com\/es\/wp-json\/wp\/v2\/pages\/103790\/revisions\/104223"}],"wp:attachment":[{"href":"https:\/\/dreamgolfcalanova.com\/es\/wp-json\/wp\/v2\/media?parent=103790"}],"curies":[{"name":"wp","href":"https:\/\/api.w.org\/{rel}","templated":true}]}}